{"id":2178,"date":"2026-02-17T11:02:29","date_gmt":"2026-02-17T16:02:29","guid":{"rendered":"https:\/\/ndgbaseball.com\/uniform-day\/"},"modified":"2026-02-17T13:56:48","modified_gmt":"2026-02-17T18:56:48","slug":"la-journee-de-l-uniforme","status":"publish","type":"page","link":"https:\/\/ndgbaseball.com\/fr\/la-journee-de-l-uniforme\/","title":{"rendered":"La journ\u00e9e de l&rsquo;uniforme"},"content":{"rendered":"<p>[et_pb_section fb_built=\u00a0\u00bb1&Prime; custom_padding_last_edited=\u00a0\u00bbon|phone\u00a0\u00bb admin_label=\u00a0\u00bbHeader\u00a0\u00bb _builder_version=\u00a0\u00bb4.27.5&Prime; _module_preset=\u00a0\u00bbdefault\u00a0\u00bb background_color=\u00a0\u00bb#000000&Prime; use_background_color_gradient=\u00a0\u00bbon\u00a0\u00bb background_color_gradient_stops=\u00a0\u00bbrgba(0,0,0,0.3) 0%|rgba(0,0,0,0.5) 100%\u00a0\u00bb background_color_gradient_overlays_image=\u00a0\u00bbon\u00a0\u00bb background_color_gradient_start=\u00a0\u00bbrgba(0,0,0,0.8)\u00a0\u00bb background_color_gradient_end=\u00a0\u00bbrgba(0,0,0,0.8)\u00a0\u00bb background_image=\u00a0\u00bbhttps:\/\/ndgbaseball.com\/wp-content\/uploads\/2026\/02\/shirts-1500.jpg\u00a0\u00bb custom_padding=\u00a0\u00bb120px||0px||false|false\u00a0\u00bb custom_padding_tablet=\u00a0\u00bb80px||||false|false\u00a0\u00bb custom_padding_phone=\u00a0\u00bb60px||||false|false\u00a0\u00bb locked=\u00a0\u00bboff\u00a0\u00bb global_colors_info=\u00a0\u00bb{}\u00a0\u00bb][et_pb_row _builder_version=\u00a0\u00bb4.16&Prime; _module_preset=\u00a0\u00bbdefault\u00a0\u00bb global_colors_info=\u00a0\u00bb{}\u00a0\u00bb][et_pb_column type=\u00a0\u00bb4_4&Prime; _builder_version=\u00a0\u00bb4.16&Prime; _module_preset=\u00a0\u00bbdefault\u00a0\u00bb global_colors_info=\u00a0\u00bb{}\u00a0\u00bb][et_pb_text _builder_version=\u00a0\u00bb4.27.5&Prime; _module_preset=\u00a0\u00bb77bd6224-541c-4dfa-aa0c-4832456a9557&Prime; header_font=\u00a0\u00bb&#8211;et_global_heading_font|900|on|on|||||\u00a0\u00bb header_text_color=\u00a0\u00bb#FFFFFF\u00a0\u00bb header_font_size=\u00a0\u00bb120px\u00a0\u00bb header_line_height=\u00a0\u00bb0.7em\u00a0\u00bb header_2_font=\u00a0\u00bb|||on|||||\u00a0\u00bb header_2_text_color=\u00a0\u00bb#FFFFFF\u00a0\u00bb header_2_font_size=\u00a0\u00bb60px\u00a0\u00bb header_3_font=\u00a0\u00bb|||on|||||\u00a0\u00bb header_3_text_color=\u00a0\u00bb#E93530&Prime; header_3_font_size=\u00a0\u00bb26px\u00a0\u00bb header_3_line_height=\u00a0\u00bb1.6em\u00a0\u00bb hover_enabled=\u00a0\u00bb0&Prime; header_font_size_tablet=\u00a0\u00bb60px\u00a0\u00bb header_font_size_phone=\u00a0\u00bb30px\u00a0\u00bb header_font_size_last_edited=\u00a0\u00bbon|desktop\u00a0\u00bb header_text_shadow_style=\u00a0\u00bbpreset1&Prime; global_colors_info=\u00a0\u00bb{%22gcid-5fba0126-308f-4f42-aa94-6c5d80831bca%22:%91%93}\u00a0\u00bb sticky_enabled=\u00a0\u00bb0&Prime;]<\/p>\n<h1>La journ\u00e9e de  l&rsquo;uniforme<\/h1>\n<p>[\/et_pb_text][\/et_pb_column][\/et_pb_row][et_pb_row column_structure=\u00a0\u00bb3_5,2_5&Prime; use_custom_gutter=\u00a0\u00bbon\u00a0\u00bb gutter_width=\u00a0\u00bb1&Prime; make_equal=\u00a0\u00bbon\u00a0\u00bb _builder_version=\u00a0\u00bb4.27.5&Prime; _module_preset=\u00a0\u00bbdefault\u00a0\u00bb custom_margin=\u00a0\u00bb100px||||false|false\u00a0\u00bb custom_margin_tablet=\u00a0\u00bb60px||||false|false\u00a0\u00bb custom_margin_phone=\u00a0\u00bb20px||||false|false\u00a0\u00bb custom_margin_last_edited=\u00a0\u00bbon|phone\u00a0\u00bb custom_padding=\u00a0\u00bb0px||0px||true|false\u00a0\u00bb box_shadow_style=\u00a0\u00bbpreset4&Prime; box_shadow_horizontal=\u00a0\u00bb-20vw\u00a0\u00bb box_shadow_vertical=\u00a0\u00bb0px\u00a0\u00bb box_shadow_color=\u00a0\u00bb#FFFFFF\u00a0\u00bb box_shadow_horizontal_tablet=\u00a0\u00bb0vw\u00a0\u00bb box_shadow_horizontal_phone=\u00a0\u00bb\u00a0\u00bb box_shadow_horizontal_last_edited=\u00a0\u00bbon|phone\u00a0\u00bb global_colors_info=\u00a0\u00bb{}\u00a0\u00bb][et_pb_column type=\u00a0\u00bb3_5&Prime; _builder_version=\u00a0\u00bb4.27.5&Prime; _module_preset=\u00a0\u00bbdefault\u00a0\u00bb use_background_color_gradient=\u00a0\u00bbon\u00a0\u00bb background_color_gradient_direction=\u00a0\u00bb90deg\u00a0\u00bb background_color_gradient_stops=\u00a0\u00bb#ffffff 0%|rgba(255,255,255,0) 100%\u00a0\u00bb background_color_gradient_overlays_image=\u00a0\u00bbon\u00a0\u00bb background_color_gradient_start=\u00a0\u00bb#ffffff\u00a0\u00bb background_color_gradient_end=\u00a0\u00bbrgba(255,255,255,0)\u00a0\u00bb background_image=\u00a0\u00bbhttps:\/\/ndgbaseball.com\/wp-content\/uploads\/2026\/02\/uniforms.jpg\u00a0\u00bb global_colors_info=\u00a0\u00bb{}\u00a0\u00bb][et_pb_divider divider_weight=\u00a0\u00bb0px\u00a0\u00bb _builder_version=\u00a0\u00bb4.27.5&Prime; _module_preset=\u00a0\u00bbdefault\u00a0\u00bb min_height=\u00a0\u00bb400px\u00a0\u00bb min_height_tablet=\u00a0\u00bb300px\u00a0\u00bb min_height_phone=\u00a0\u00bb180px\u00a0\u00bb min_height_last_edited=\u00a0\u00bbon|phone\u00a0\u00bb global_colors_info=\u00a0\u00bb{}\u00a0\u00bb][\/et_pb_divider][\/et_pb_column][et_pb_column type=\u00a0\u00bb2_5&Prime; _builder_version=\u00a0\u00bb4.27.5&Prime; _module_preset=\u00a0\u00bbdefault\u00a0\u00bb background_color=\u00a0\u00bb#C60908&Prime; custom_padding=\u00a0\u00bb40px|40px|40px|40px|true|true\u00a0\u00bb custom_padding_tablet=\u00a0\u00bb40px|40px|40px|40px|true|true\u00a0\u00bb custom_padding_phone=\u00a0\u00bb20px|20px|20px|20px|true|true\u00a0\u00bb custom_padding_last_edited=\u00a0\u00bbon|phone\u00a0\u00bb global_colors_info=\u00a0\u00bb{}\u00a0\u00bb][et_pb_text _builder_version=\u00a0\u00bb4.27.5&Prime; _module_preset=\u00a0\u00bbabe15537-a205-41f8-9025-7356e956fa93&Prime; header_font=\u00a0\u00bb||||||||\u00a0\u00bb header_3_font=\u00a0\u00bb&#8211;et_global_heading_font|700||on|||||\u00a0\u00bb header_3_text_color=\u00a0\u00bb#FFFFFF\u00a0\u00bb header_3_font_size=\u00a0\u00bb26px\u00a0\u00bb header_3_line_height=\u00a0\u00bb1.2em\u00a0\u00bb hover_enabled=\u00a0\u00bb0&Prime; header_3_font_size_tablet=\u00a0\u00bb20px\u00a0\u00bb header_3_font_size_phone=\u00a0\u00bb16px\u00a0\u00bb header_3_font_size_last_edited=\u00a0\u00bbon|desktop\u00a0\u00bb locked=\u00a0\u00bboff\u00a0\u00bb global_colors_info=\u00a0\u00bb{}\u00a0\u00bb sticky_enabled=\u00a0\u00bb0&Prime;]<\/p>\n<h3>Mai\u00a0 9, 2026<\/p>\n<p>Heures<\/h3>\n<p>[\/et_pb_text][et_pb_text _builder_version=\u00a0\u00bb4.27.5&Prime; _module_preset=\u00a0\u00bbafe8fc41-dc70-4bf1-b625-17644c79cbc3&Prime; text_font=\u00a0\u00bb||||||||\u00a0\u00bb text_text_color=\u00a0\u00bb#FFFFFF\u00a0\u00bb text_line_height=\u00a0\u00bb1.6em\u00a0\u00bb link_font=\u00a0\u00bb|600|||||||\u00a0\u00bb link_text_color=\u00a0\u00bb#FFFFFF\u00a0\u00bb link_line_height=\u00a0\u00bb1.2em\u00a0\u00bb hover_enabled=\u00a0\u00bb0&Prime; text_font_size_tablet=\u00a0\u00bb15px\u00a0\u00bb text_font_size_phone=\u00a0\u00bb14px\u00a0\u00bb text_font_size_last_edited=\u00a0\u00bbon|desktop\u00a0\u00bb locked=\u00a0\u00bboff\u00a0\u00bb global_colors_info=\u00a0\u00bb{}\u00a0\u00bb sticky_enabled=\u00a0\u00bb0&Prime;]<\/p>\n<p>8h-10h: Rallye Cap<br \/>10h-11h: 9M<br \/>11h-12h: 11M<br \/>12h-1h:\u00a0pause pour d\u00eener<br \/>1h-2h: 13M<br \/>2h-3h: 15M<br \/>3h-4h: 18M + 22M<\/p>\n<p><a href=\"#william-hurst-park\">Parc William Hurst (6230, rue de Terrebonne)<\/a><\/p>\n<p>[\/et_pb_text][\/et_pb_column][\/et_pb_row][\/et_pb_section][et_pb_section fb_built=\u00a0\u00bb1&Prime; admin_label=\u00a0\u00bbFeature\u00a0\u00bb _builder_version=\u00a0\u00bb4.27.5&Prime; _module_preset=\u00a0\u00bbdefault\u00a0\u00bb background_enable_image=\u00a0\u00bboff\u00a0\u00bb custom_margin=\u00a0\u00bb60px||0px||false|false\u00a0\u00bb custom_padding=\u00a0\u00bb0px||0px||false|false\u00a0\u00bb global_colors_info=\u00a0\u00bb{}\u00a0\u00bb][et_pb_row column_structure=\u00a0\u00bb1_2,1_2&Prime; _builder_version=\u00a0\u00bb4.27.5&Prime; _module_preset=\u00a0\u00bbdefault\u00a0\u00bb custom_margin=\u00a0\u00bb||30px||false|false\u00a0\u00bb global_colors_info=\u00a0\u00bb{}\u00a0\u00bb][et_pb_column type=\u00a0\u00bb1_2&Prime; _builder_version=\u00a0\u00bb4.16&Prime; _module_preset=\u00a0\u00bbdefault\u00a0\u00bb global_colors_info=\u00a0\u00bb{}\u00a0\u00bb][et_pb_text _builder_version=\u00a0\u00bb4.27.5&Prime; _module_preset=\u00a0\u00bb33d8ed47-9575-4183-ae48-b1d6c4145db4&Prime; header_2_font=\u00a0\u00bb&#8211;et_global_heading_font|700||on|||||\u00a0\u00bb header_2_text_color=\u00a0\u00bb#000000&Prime; header_2_font_size=\u00a0\u00bb60px\u00a0\u00bb header_3_font=\u00a0\u00bb|||on|||||\u00a0\u00bb header_3_text_color=\u00a0\u00bb#C60908&Prime; header_3_font_size=\u00a0\u00bb26px\u00a0\u00bb header_3_line_height=\u00a0\u00bb1.2em\u00a0\u00bb custom_margin=\u00a0\u00bb||0px||false|false\u00a0\u00bb custom_padding=\u00a0\u00bb||0px||false|false\u00a0\u00bb hover_enabled=\u00a0\u00bb0&Prime; header_2_font_size_tablet=\u00a0\u00bb32px\u00a0\u00bb header_2_font_size_phone=\u00a0\u00bb20px\u00a0\u00bb header_2_font_size_last_edited=\u00a0\u00bbon|phone\u00a0\u00bb locked=\u00a0\u00bboff\u00a0\u00bb global_colors_info=\u00a0\u00bb{}\u00a0\u00bb sticky_enabled=\u00a0\u00bb0&Prime;]<\/p>\n<h3>Ce que vous obtenez<\/h3>\n<p>[\/et_pb_text][et_pb_text _builder_version=\u00a0\u00bb4.27.5&Prime; _module_preset=\u00a0\u00bbafe8fc41-dc70-4bf1-b625-17644c79cbc3&Prime; text_font=\u00a0\u00bb||||||||\u00a0\u00bb text_text_color=\u00a0\u00bb#000000&Prime; text_line_height=\u00a0\u00bb1.6em\u00a0\u00bb hover_enabled=\u00a0\u00bb0&Prime; text_font_size_tablet=\u00a0\u00bb15px\u00a0\u00bb text_font_size_phone=\u00a0\u00bb14px\u00a0\u00bb text_font_size_last_edited=\u00a0\u00bbon|desktop\u00a0\u00bb locked=\u00a0\u00bboff\u00a0\u00bb global_colors_info=\u00a0\u00bb{}\u00a0\u00bb sticky_enabled=\u00a0\u00bb0&Prime;]<\/p>\n<p><strong>Rallye Cap:<\/strong> Casquette, chandail de match, pantalon.<\/p>\n<p><strong>Wildcats:<\/strong> Casquette, chandail de match, pantalon, chandail de pratique, pantalon, ceinture, bas.<\/p>\n<p><strong>Bobcats &amp; Lynx:<\/strong> Casquette, chandail de match, pantalon, pantalon, ceinture, bas et chandail de pratique (les joueurs des Lynx les auront d\u00e9j\u00e0 re\u00e7us lors des essais).<\/p>\n<p><strong>Coaches:<\/strong> Casquette, chandail de match, pantalon, chandail de pratique, pantalon, ceinture, bas.<\/p>\n<p>[\/et_pb_text][\/et_pb_column][et_pb_column type=\u00a0\u00bb1_2&Prime; _builder_version=\u00a0\u00bb4.16&Prime; _module_preset=\u00a0\u00bbdefault\u00a0\u00bb global_colors_info=\u00a0\u00bb{}\u00a0\u00bb][et_pb_text _builder_version=\u00a0\u00bb4.27.5&Prime; _module_preset=\u00a0\u00bb33d8ed47-9575-4183-ae48-b1d6c4145db4&Prime; header_2_font=\u00a0\u00bb&#8211;et_global_heading_font|700||on|||||\u00a0\u00bb header_2_text_color=\u00a0\u00bb#000000&Prime; header_2_font_size=\u00a0\u00bb60px\u00a0\u00bb header_3_font=\u00a0\u00bb|||on|||||\u00a0\u00bb header_3_text_color=\u00a0\u00bb#C60908&Prime; header_3_font_size=\u00a0\u00bb26px\u00a0\u00bb header_3_line_height=\u00a0\u00bb1.2em\u00a0\u00bb custom_margin=\u00a0\u00bb||0px||false|false\u00a0\u00bb custom_padding=\u00a0\u00bb||0px||false|false\u00a0\u00bb header_2_font_size_tablet=\u00a0\u00bb32px\u00a0\u00bb header_2_font_size_phone=\u00a0\u00bb20px\u00a0\u00bb header_2_font_size_last_edited=\u00a0\u00bbon|phone\u00a0\u00bb locked=\u00a0\u00bboff\u00a0\u00bb global_colors_info=\u00a0\u00bb{}\u00a0\u00bb]<\/p>\n<h3>Important<\/h3>\n<p>[\/et_pb_text][et_pb_text _builder_version=\u00a0\u00bb4.27.5&Prime; _module_preset=\u00a0\u00bbafe8fc41-dc70-4bf1-b625-17644c79cbc3&Prime; text_font=\u00a0\u00bb||||||||\u00a0\u00bb text_text_color=\u00a0\u00bb#000000&Prime; text_line_height=\u00a0\u00bb1.6em\u00a0\u00bb hover_enabled=\u00a0\u00bb0&Prime; text_font_size_tablet=\u00a0\u00bb15px\u00a0\u00bb text_font_size_phone=\u00a0\u00bb14px\u00a0\u00bb text_font_size_last_edited=\u00a0\u00bbon|desktop\u00a0\u00bb locked=\u00a0\u00bboff\u00a0\u00bb global_colors_info=\u00a0\u00bb{}\u00a0\u00bb sticky_enabled=\u00a0\u00bb0&Prime;]<\/p>\n<p>Veuillez arriver \u00e0 l&rsquo;heure d\u00e9sign\u00e9. <strong>Il n&rsquo;y a pas d&rsquo;autres cr\u00e9neaux horaires pour les enl\u00e8vements.<\/strong><\/p>\n<p><strong>Si vous ne pouvez pas \u00eatre pr\u00e9sent \u00e0 la Journ\u00e9e des uniformes, demandez \u00e0 un ami ou \u00e0 l&rsquo;entra\u00eeneur\/organisateur de votre enfant de le ramasser.<\/strong><\/p>\n<p>Rencontrez votre responsable de division et vos entra\u00eeneurs.<\/p>\n<p>N&rsquo;oubliez pas que les chandail de match sont pr\u00eat\u00e9s et doivent \u00eatre rendus \u00e0 la fin de la saison.<\/p>\n<p>[\/et_pb_text][\/et_pb_column][\/et_pb_row][\/et_pb_section][et_pb_section fb_built=\u00a0\u00bb1&Prime; _builder_version=\u00a0\u00bb4.27.5&Prime; _module_preset=\u00a0\u00bbdefault\u00a0\u00bb custom_margin=\u00a0\u00bb0px||||false|false\u00a0\u00bb custom_padding=\u00a0\u00bb0px||||false|false\u00a0\u00bb global_colors_info=\u00a0\u00bb{}\u00a0\u00bb][et_pb_row _builder_version=\u00a0\u00bb4.27.5&Prime; _module_preset=\u00a0\u00bbdefault\u00a0\u00bb global_colors_info=\u00a0\u00bb{}\u00a0\u00bb][et_pb_column type=\u00a0\u00bb4_4&Prime; _builder_version=\u00a0\u00bb4.27.5&Prime; _module_preset=\u00a0\u00bbdefault\u00a0\u00bb global_colors_info=\u00a0\u00bb{}\u00a0\u00bb][et_pb_image src=\u00a0\u00bbhttps:\/\/ndgbaseball.com\/wp-content\/uploads\/2026\/02\/uniform-code-fr.jpg\u00a0\u00bb alt=\u00a0\u00bbNDG Baseball Uniform Code en francais\u00a0\u00bb title_text=\u00a0\u00bbuniform-code-fr\u00a0\u00bb show_in_lightbox=\u00a0\u00bbon\u00a0\u00bb _builder_version=\u00a0\u00bb4.27.5&Prime; _module_preset=\u00a0\u00bbdefault\u00a0\u00bb hover_enabled=\u00a0\u00bb0&Prime; global_colors_info=\u00a0\u00bb{}\u00a0\u00bb sticky_enabled=\u00a0\u00bb0&Prime;][\/et_pb_image][\/et_pb_column][\/et_pb_row][et_pb_row column_structure=\u00a0\u00bb1_2,1_2&Prime; _builder_version=\u00a0\u00bb4.27.5&Prime; _module_preset=\u00a0\u00bbdefault\u00a0\u00bb global_colors_info=\u00a0\u00bb{}\u00a0\u00bb][et_pb_column type=\u00a0\u00bb1_2&Prime; _builder_version=\u00a0\u00bb4.27.5&Prime; _module_preset=\u00a0\u00bbdefault\u00a0\u00bb global_colors_info=\u00a0\u00bb{}\u00a0\u00bb][et_pb_text _builder_version=\u00a0\u00bb4.27.5&Prime; _module_preset=\u00a0\u00bb33d8ed47-9575-4183-ae48-b1d6c4145db4&Prime; header_2_font=\u00a0\u00bb&#8211;et_global_heading_font|700||on|||||\u00a0\u00bb header_2_text_color=\u00a0\u00bb#000000&Prime; header_2_font_size=\u00a0\u00bb60px\u00a0\u00bb header_3_font=\u00a0\u00bb|||on|||||\u00a0\u00bb header_3_text_color=\u00a0\u00bb#C60908&Prime; header_3_font_size=\u00a0\u00bb26px\u00a0\u00bb header_3_line_height=\u00a0\u00bb1.2em\u00a0\u00bb custom_margin=\u00a0\u00bb||0px||false|false\u00a0\u00bb custom_padding=\u00a0\u00bb||0px||false|false\u00a0\u00bb hover_enabled=\u00a0\u00bb0&Prime; header_2_font_size_tablet=\u00a0\u00bb32px\u00a0\u00bb header_2_font_size_phone=\u00a0\u00bb20px\u00a0\u00bb header_2_font_size_last_edited=\u00a0\u00bbon|phone\u00a0\u00bb locked=\u00a0\u00bboff\u00a0\u00bb global_colors_info=\u00a0\u00bb{}\u00a0\u00bb sticky_enabled=\u00a0\u00bb0&Prime;]<\/p>\n<h3>Endroit<\/h3>\n<p>[\/et_pb_text][et_pb_text _builder_version=\u00a0\u00bb4.27.5&Prime; _module_preset=\u00a0\u00bbafe8fc41-dc70-4bf1-b625-17644c79cbc3&Prime; text_font=\u00a0\u00bb||||||||\u00a0\u00bb text_text_color=\u00a0\u00bb#000000&Prime; text_line_height=\u00a0\u00bb1.6em\u00a0\u00bb text_font_size_tablet=\u00a0\u00bb15px\u00a0\u00bb text_font_size_phone=\u00a0\u00bb14px\u00a0\u00bb text_font_size_last_edited=\u00a0\u00bbon|desktop\u00a0\u00bb locked=\u00a0\u00bboff\u00a0\u00bb global_colors_info=\u00a0\u00bb{}\u00a0\u00bb]William Hurst Park<br \/>\n6230, rue de Terrebonne,<br \/>\nMontr\u00e9al, QC<br \/>\nH4B 2Y7[\/et_pb_text][\/et_pb_column][et_pb_column type=\u00a0\u00bb1_2&Prime; _builder_version=\u00a0\u00bb4.27.5&Prime; _module_preset=\u00a0\u00bbdefault\u00a0\u00bb global_colors_info=\u00a0\u00bb{}\u00a0\u00bb][et_pb_code _builder_version=\u00a0\u00bb4.27.5&Prime; _module_preset=\u00a0\u00bbdefault\u00a0\u00bb global_colors_info=\u00a0\u00bb{}\u00a0\u00bb]<iframe width=\"650\" height=\"400\" src=\"https:\/\/maps.google.com\/maps?width=650&#038;height=400&#038;hl=en&#038;q=william%20hurst%20park&#038;t=&#038;z=15&#038;ie=UTF8&#038;iwloc=B&#038;output=embed\" style=\"border:0;\" allowfullscreen loading=\"lazy\" referrerpolicy=\"no-referrer-when-downgrade\"><\/iframe><!-- [et_pb_line_break_holder] --><\/p>\n<div style=\"font-size: 10px;opacity:.75;line-height: 10px;\"><a href=\"https:\/\/www.embedgooglemap.net\/?utm_source=embed&#038;utm_medium=referral&#038;utm_campaign=map_embed\" target=\"_blank\" rel=\"noopener\">Embed Google Map<\/a><\/div>\n<p>[\/et_pb_code][\/et_pb_column][\/et_pb_row][\/et_pb_section]<\/p>\n","protected":false},"excerpt":{"rendered":"<p>La journ\u00e9e de l&rsquo;uniformeMai\u00a0 9, 2026Heures8h-10h: Rallye Cap10h-11h: 9M11h-12h: 11M12h-1h:\u00a0pause pour d\u00eener1h-2h: 13M2h-3h: 15M3h-4h: 18M + 22M Parc William Hurst (6230, rue de Terrebonne)Ce que vous obtenezRallye Cap: Casquette, chandail de match, pantalon. Wildcats: Casquette, chandail de match, pantalon, chandail de pratique, pantalon, ceinture, bas. Bobcats &amp; Lynx: Casquette, chandail de match, pantalon, pantalon, ceinture, [&hellip;]<\/p>\n","protected":false},"author":3,"featured_media":0,"parent":0,"menu_order":25,"comment_status":"closed","ping_status":"closed","template":"","meta":{"_et_pb_use_builder":"on","_et_pb_old_content":"","_et_gb_content_width":"","footnotes":""},"class_list":["post-2178","page","type-page","status-publish","hentry"],"yoast_head":"<!-- This site is optimized with the Yoast SEO plugin v27.5 - https:\/\/yoast.com\/product\/yoast-seo-wordpress\/ -->\n<title>La journ\u00e9e de l&#039;uniforme - NDG Baseball Association<\/title>\n<meta name=\"robots\" content=\"index, follow, max-snippet:-1, max-image-preview:large, max-video-preview:-1\" \/>\n<link rel=\"canonical\" href=\"https:\/\/ndgbaseball.com\/fr\/la-journee-de-l-uniforme\/\" \/>\n<meta property=\"og:locale\" content=\"fr_FR\" \/>\n<meta property=\"og:type\" content=\"article\" \/>\n<meta property=\"og:title\" content=\"La journ\u00e9e de l&#039;uniforme - NDG Baseball Association\" \/>\n<meta property=\"og:description\" content=\"La journ\u00e9e de l&#039;uniformeMai\u00a0 9, 2026Heures8h-10h: Rallye Cap10h-11h: 9M11h-12h: 11M12h-1h:\u00a0pause pour d\u00eener1h-2h: 13M2h-3h: 15M3h-4h: 18M + 22M Parc William Hurst (6230, rue de Terrebonne)Ce que vous obtenezRallye Cap: Casquette, chandail de match, pantalon. Wildcats: Casquette, chandail de match, pantalon, chandail de pratique, pantalon, ceinture, bas. Bobcats &amp; Lynx: Casquette, chandail de match, pantalon, pantalon, ceinture, [&hellip;]\" \/>\n<meta property=\"og:url\" content=\"https:\/\/ndgbaseball.com\/fr\/la-journee-de-l-uniforme\/\" \/>\n<meta property=\"og:site_name\" content=\"NDG Baseball Association\" \/>\n<meta property=\"article:publisher\" content=\"https:\/\/www.facebook.com\/ndg.baseball\" \/>\n<meta property=\"article:modified_time\" content=\"2026-02-17T18:56:48+00:00\" \/>\n<meta name=\"twitter:card\" content=\"summary_large_image\" \/>\n<meta name=\"twitter:label1\" content=\"Dur\u00e9e de lecture estim\u00e9e\" \/>\n\t<meta name=\"twitter:data1\" content=\"1 minute\" \/>\n<script type=\"application\/ld+json\" class=\"yoast-schema-graph\">{\"@context\":\"https:\\\/\\\/schema.org\",\"@graph\":[{\"@type\":\"WebPage\",\"@id\":\"https:\\\/\\\/ndgbaseball.com\\\/fr\\\/la-journee-de-l-uniforme\\\/\",\"url\":\"https:\\\/\\\/ndgbaseball.com\\\/fr\\\/la-journee-de-l-uniforme\\\/\",\"name\":\"La journ\u00e9e de l'uniforme - NDG Baseball Association\",\"isPartOf\":{\"@id\":\"https:\\\/\\\/ndgbaseball.com\\\/fr\\\/#website\"},\"datePublished\":\"2026-02-17T16:02:29+00:00\",\"dateModified\":\"2026-02-17T18:56:48+00:00\",\"breadcrumb\":{\"@id\":\"https:\\\/\\\/ndgbaseball.com\\\/fr\\\/la-journee-de-l-uniforme\\\/#breadcrumb\"},\"inLanguage\":\"fr-FR\",\"potentialAction\":[{\"@type\":\"ReadAction\",\"target\":[\"https:\\\/\\\/ndgbaseball.com\\\/fr\\\/la-journee-de-l-uniforme\\\/\"]}]},{\"@type\":\"BreadcrumbList\",\"@id\":\"https:\\\/\\\/ndgbaseball.com\\\/fr\\\/la-journee-de-l-uniforme\\\/#breadcrumb\",\"itemListElement\":[{\"@type\":\"ListItem\",\"position\":1,\"name\":\"Home\",\"item\":\"https:\\\/\\\/ndgbaseball.com\\\/fr\\\/\"},{\"@type\":\"ListItem\",\"position\":2,\"name\":\"La journ\u00e9e de l&rsquo;uniforme\"}]},{\"@type\":\"WebSite\",\"@id\":\"https:\\\/\\\/ndgbaseball.com\\\/fr\\\/#website\",\"url\":\"https:\\\/\\\/ndgbaseball.com\\\/fr\\\/\",\"name\":\"NDG Baseball Association\",\"description\":\"Team First, Always\",\"publisher\":{\"@id\":\"https:\\\/\\\/ndgbaseball.com\\\/fr\\\/#organization\"},\"potentialAction\":[{\"@type\":\"SearchAction\",\"target\":{\"@type\":\"EntryPoint\",\"urlTemplate\":\"https:\\\/\\\/ndgbaseball.com\\\/fr\\\/?s={search_term_string}\"},\"query-input\":{\"@type\":\"PropertyValueSpecification\",\"valueRequired\":true,\"valueName\":\"search_term_string\"}}],\"inLanguage\":\"fr-FR\"},{\"@type\":\"Organization\",\"@id\":\"https:\\\/\\\/ndgbaseball.com\\\/fr\\\/#organization\",\"name\":\"NDG Baseball Association\",\"url\":\"https:\\\/\\\/ndgbaseball.com\\\/fr\\\/\",\"logo\":{\"@type\":\"ImageObject\",\"inLanguage\":\"fr-FR\",\"@id\":\"https:\\\/\\\/ndgbaseball.com\\\/fr\\\/#\\\/schema\\\/logo\\\/image\\\/\",\"url\":\"https:\\\/\\\/ndgbaseball.com\\\/wp-content\\\/uploads\\\/2026\\\/01\\\/ndg-logo-round-1961-600.jpg\",\"contentUrl\":\"https:\\\/\\\/ndgbaseball.com\\\/wp-content\\\/uploads\\\/2026\\\/01\\\/ndg-logo-round-1961-600.jpg\",\"width\":600,\"height\":600,\"caption\":\"NDG Baseball Association\"},\"image\":{\"@id\":\"https:\\\/\\\/ndgbaseball.com\\\/fr\\\/#\\\/schema\\\/logo\\\/image\\\/\"},\"sameAs\":[\"https:\\\/\\\/www.facebook.com\\\/ndg.baseball\",\"https:\\\/\\\/www.instagram.com\\\/ndg.baseball\\\/\"]}]}<\/script>\n<!-- \/ Yoast SEO plugin. -->","yoast_head_json":{"title":"La journ\u00e9e de l'uniforme - NDG Baseball Association","robots":{"index":"index","follow":"follow","max-snippet":"max-snippet:-1","max-image-preview":"max-image-preview:large","max-video-preview":"max-video-preview:-1"},"canonical":"https:\/\/ndgbaseball.com\/fr\/la-journee-de-l-uniforme\/","og_locale":"fr_FR","og_type":"article","og_title":"La journ\u00e9e de l'uniforme - NDG Baseball Association","og_description":"La journ\u00e9e de l'uniformeMai\u00a0 9, 2026Heures8h-10h: Rallye Cap10h-11h: 9M11h-12h: 11M12h-1h:\u00a0pause pour d\u00eener1h-2h: 13M2h-3h: 15M3h-4h: 18M + 22M Parc William Hurst (6230, rue de Terrebonne)Ce que vous obtenezRallye Cap: Casquette, chandail de match, pantalon. Wildcats: Casquette, chandail de match, pantalon, chandail de pratique, pantalon, ceinture, bas. Bobcats &amp; Lynx: Casquette, chandail de match, pantalon, pantalon, ceinture, [&hellip;]","og_url":"https:\/\/ndgbaseball.com\/fr\/la-journee-de-l-uniforme\/","og_site_name":"NDG Baseball Association","article_publisher":"https:\/\/www.facebook.com\/ndg.baseball","article_modified_time":"2026-02-17T18:56:48+00:00","twitter_card":"summary_large_image","twitter_misc":{"Dur\u00e9e de lecture estim\u00e9e":"1 minute"},"schema":{"@context":"https:\/\/schema.org","@graph":[{"@type":"WebPage","@id":"https:\/\/ndgbaseball.com\/fr\/la-journee-de-l-uniforme\/","url":"https:\/\/ndgbaseball.com\/fr\/la-journee-de-l-uniforme\/","name":"La journ\u00e9e de l'uniforme - NDG Baseball Association","isPartOf":{"@id":"https:\/\/ndgbaseball.com\/fr\/#website"},"datePublished":"2026-02-17T16:02:29+00:00","dateModified":"2026-02-17T18:56:48+00:00","breadcrumb":{"@id":"https:\/\/ndgbaseball.com\/fr\/la-journee-de-l-uniforme\/#breadcrumb"},"inLanguage":"fr-FR","potentialAction":[{"@type":"ReadAction","target":["https:\/\/ndgbaseball.com\/fr\/la-journee-de-l-uniforme\/"]}]},{"@type":"BreadcrumbList","@id":"https:\/\/ndgbaseball.com\/fr\/la-journee-de-l-uniforme\/#breadcrumb","itemListElement":[{"@type":"ListItem","position":1,"name":"Home","item":"https:\/\/ndgbaseball.com\/fr\/"},{"@type":"ListItem","position":2,"name":"La journ\u00e9e de l&rsquo;uniforme"}]},{"@type":"WebSite","@id":"https:\/\/ndgbaseball.com\/fr\/#website","url":"https:\/\/ndgbaseball.com\/fr\/","name":"NDG Baseball Association","description":"Team First, Always","publisher":{"@id":"https:\/\/ndgbaseball.com\/fr\/#organization"},"potentialAction":[{"@type":"SearchAction","target":{"@type":"EntryPoint","urlTemplate":"https:\/\/ndgbaseball.com\/fr\/?s={search_term_string}"},"query-input":{"@type":"PropertyValueSpecification","valueRequired":true,"valueName":"search_term_string"}}],"inLanguage":"fr-FR"},{"@type":"Organization","@id":"https:\/\/ndgbaseball.com\/fr\/#organization","name":"NDG Baseball Association","url":"https:\/\/ndgbaseball.com\/fr\/","logo":{"@type":"ImageObject","inLanguage":"fr-FR","@id":"https:\/\/ndgbaseball.com\/fr\/#\/schema\/logo\/image\/","url":"https:\/\/ndgbaseball.com\/wp-content\/uploads\/2026\/01\/ndg-logo-round-1961-600.jpg","contentUrl":"https:\/\/ndgbaseball.com\/wp-content\/uploads\/2026\/01\/ndg-logo-round-1961-600.jpg","width":600,"height":600,"caption":"NDG Baseball Association"},"image":{"@id":"https:\/\/ndgbaseball.com\/fr\/#\/schema\/logo\/image\/"},"sameAs":["https:\/\/www.facebook.com\/ndg.baseball","https:\/\/www.instagram.com\/ndg.baseball\/"]}]}},"_links":{"self":[{"href":"https:\/\/ndgbaseball.com\/fr\/wp-json\/wp\/v2\/pages\/2178","targetHints":{"allow":["GET"]}}],"collection":[{"href":"https:\/\/ndgbaseball.com\/fr\/wp-json\/wp\/v2\/pages"}],"about":[{"href":"https:\/\/ndgbaseball.com\/fr\/wp-json\/wp\/v2\/types\/page"}],"author":[{"embeddable":true,"href":"https:\/\/ndgbaseball.com\/fr\/wp-json\/wp\/v2\/users\/3"}],"replies":[{"embeddable":true,"href":"https:\/\/ndgbaseball.com\/fr\/wp-json\/wp\/v2\/comments?post=2178"}],"version-history":[{"count":5,"href":"https:\/\/ndgbaseball.com\/fr\/wp-json\/wp\/v2\/pages\/2178\/revisions"}],"predecessor-version":[{"id":2191,"href":"https:\/\/ndgbaseball.com\/fr\/wp-json\/wp\/v2\/pages\/2178\/revisions\/2191"}],"wp:attachment":[{"href":"https:\/\/ndgbaseball.com\/fr\/wp-json\/wp\/v2\/media?parent=2178"}],"curies":[{"name":"wp","href":"https:\/\/api.w.org\/{rel}","templated":true}]}}