{"id":1142,"date":"2026-01-22T19:12:01","date_gmt":"2026-01-23T00:12:01","guid":{"rendered":"https:\/\/ndgbaseball.com\/about-us\/"},"modified":"2026-03-06T14:43:38","modified_gmt":"2026-03-06T19:43:38","slug":"a-propos","status":"publish","type":"page","link":"https:\/\/ndgbaseball.com\/fr\/a-propos\/","title":{"rendered":"Qui sommes-nous"},"content":{"rendered":"<p>[et_pb_section fb_built=\u00a0\u00bb1&Prime; admin_label=\u00a0\u00bbHeader\u00a0\u00bb _builder_version=\u00a0\u00bb4.27.5&Prime; _module_preset=\u00a0\u00bbdefault\u00a0\u00bb use_background_color_gradient=\u00a0\u00bbon\u00a0\u00bb background_color_gradient_direction=\u00a0\u00bb90deg\u00a0\u00bb background_color_gradient_stops=\u00a0\u00bbrgba(0,0,0,0) 50%|#ffffff 50%\u00a0\u00bb background_color_gradient_overlays_image=\u00a0\u00bbon\u00a0\u00bb background_color_gradient_start=\u00a0\u00bbrgba(0,0,0,0)\u00a0\u00bb background_color_gradient_start_position=\u00a0\u00bb50%\u00a0\u00bb background_color_gradient_end=\u00a0\u00bb#ffffff\u00a0\u00bb background_color_gradient_end_position=\u00a0\u00bb50%\u00a0\u00bb background_image=\u00a0\u00bbhttps:\/\/ndgbaseball.com\/wp-content\/uploads\/2026\/01\/pexels-tima-miroshnichenko-5184709-1000.jpg\u00a0\u00bb locked=\u00a0\u00bboff\u00a0\u00bb global_colors_info=\u00a0\u00bb{}\u00a0\u00bb][et_pb_row _builder_version=\u00a0\u00bb4.27.5&Prime; _module_preset=\u00a0\u00bbdefault\u00a0\u00bb background_color=\u00a0\u00bb#C60908&Prime; width=\u00a0\u00bb100%\u00a0\u00bb custom_margin=\u00a0\u00bb0px||0px||false|false\u00a0\u00bb custom_padding=\u00a0\u00bb30px|30px|30px||false|false\u00a0\u00bb global_colors_info=\u00a0\u00bb{}\u00a0\u00bb][et_pb_column type=\u00a0\u00bb4_4&Prime; _builder_version=\u00a0\u00bb4.16&Prime; _module_preset=\u00a0\u00bbdefault\u00a0\u00bb global_colors_info=\u00a0\u00bb{}\u00a0\u00bb][et_pb_text _builder_version=\u00a0\u00bb4.27.5&Prime; _module_preset=\u00a0\u00bb77bd6224-541c-4dfa-aa0c-4832456a9557&Prime; header_font=\u00a0\u00bb&#8211;et_global_heading_font|900|on|on|||||\u00a0\u00bb header_text_align=\u00a0\u00bbright\u00a0\u00bb header_text_color=\u00a0\u00bb#FFFFFF\u00a0\u00bb header_font_size=\u00a0\u00bb120px\u00a0\u00bb header_line_height=\u00a0\u00bb0.7em\u00a0\u00bb header_2_font=\u00a0\u00bb|||on|||||\u00a0\u00bb header_2_text_color=\u00a0\u00bb#FFFFFF\u00a0\u00bb header_2_font_size=\u00a0\u00bb60px\u00a0\u00bb header_3_font=\u00a0\u00bb|||on|||||\u00a0\u00bb header_3_text_color=\u00a0\u00bb#E93530&Prime; header_3_font_size=\u00a0\u00bb26px\u00a0\u00bb header_3_line_height=\u00a0\u00bb1.6em\u00a0\u00bb header_font_size_tablet=\u00a0\u00bb60px\u00a0\u00bb header_font_size_phone=\u00a0\u00bb30px\u00a0\u00bb header_font_size_last_edited=\u00a0\u00bbon|desktop\u00a0\u00bb header_text_shadow_style=\u00a0\u00bbpreset1&Prime; locked=\u00a0\u00bboff\u00a0\u00bb global_colors_info=\u00a0\u00bb{%22gcid-5fba0126-308f-4f42-aa94-6c5d80831bca%22:%91%93}\u00a0\u00bb]<\/p>\n<h1>NOTRE \u00c9QUIPE<\/h1>\n<p>[\/et_pb_text][\/et_pb_column][\/et_pb_row][\/et_pb_section][et_pb_section fb_built=\u00a0\u00bb1&Prime; admin_label=\u00a0\u00bbVideo\u00a0\u00bb _builder_version=\u00a0\u00bb4.16&Prime; _module_preset=\u00a0\u00bbdefault\u00a0\u00bb background_image=\u00a0\u00bbhttps:\/\/ndgbaseball.com\/wp-content\/uploads\/2026\/01\/tennis-club-031.png\u00a0\u00bb global_colors_info=\u00a0\u00bb{}\u00a0\u00bb][et_pb_row column_structure=\u00a0\u00bb2_5,3_5&Prime; _builder_version=\u00a0\u00bb4.16&Prime; _module_preset=\u00a0\u00bbdefault\u00a0\u00bb global_colors_info=\u00a0\u00bb{}\u00a0\u00bb][et_pb_column type=\u00a0\u00bb2_5&Prime; _builder_version=\u00a0\u00bb4.16&Prime; _module_preset=\u00a0\u00bbdefault\u00a0\u00bb global_colors_info=\u00a0\u00bb{}\u00a0\u00bb][et_pb_text _builder_version=\u00a0\u00bb4.27.5&Prime; _module_preset=\u00a0\u00bb33d8ed47-9575-4183-ae48-b1d6c4145db4&Prime; header_2_font=\u00a0\u00bb&#8211;et_global_heading_font|700||on|||||\u00a0\u00bb header_2_text_color=\u00a0\u00bb#000000&Prime; header_2_font_size=\u00a0\u00bb46px\u00a0\u00bb custom_margin=\u00a0\u00bb||0px||false|false\u00a0\u00bb hover_enabled=\u00a0\u00bb0&Prime; header_2_font_size_tablet=\u00a0\u00bb32px\u00a0\u00bb header_2_font_size_phone=\u00a0\u00bb20px\u00a0\u00bb header_2_font_size_last_edited=\u00a0\u00bbon|desktop\u00a0\u00bb locked=\u00a0\u00bboff\u00a0\u00bb global_colors_info=\u00a0\u00bb{}\u00a0\u00bb sticky_enabled=\u00a0\u00bb0&Prime;]<\/p>\n<h2>Le CONSEIL D&rsquo;ADMINISTRATION<\/h2>\n<p>[\/et_pb_text][et_pb_text _builder_version=\u00a0\u00bb4.27.5&Prime; _module_preset=\u00a0\u00bb33d8ed47-9575-4183-ae48-b1d6c4145db4&Prime; header_2_font=\u00a0\u00bb&#8211;et_global_heading_font|700||on|||||\u00a0\u00bb header_2_text_color=\u00a0\u00bb#000000&Prime; header_2_font_size=\u00a0\u00bb60px\u00a0\u00bb header_3_font=\u00a0\u00bb|||on|||||\u00a0\u00bb header_3_text_color=\u00a0\u00bb#C60908&Prime; header_3_font_size=\u00a0\u00bb26px\u00a0\u00bb header_3_line_height=\u00a0\u00bb1.2em\u00a0\u00bb header_2_font_size_tablet=\u00a0\u00bb32px\u00a0\u00bb header_2_font_size_phone=\u00a0\u00bb20px\u00a0\u00bb header_2_font_size_last_edited=\u00a0\u00bbon|phone\u00a0\u00bb locked=\u00a0\u00bboff\u00a0\u00bb global_colors_info=\u00a0\u00bb{}\u00a0\u00bb]<\/p>\n<h3>2025-26<\/h3>\n<p>[\/et_pb_text][\/et_pb_column][et_pb_column type=\u00a0\u00bb3_5&Prime; _builder_version=\u00a0\u00bb4.16&Prime; _module_preset=\u00a0\u00bbdefault\u00a0\u00bb global_colors_info=\u00a0\u00bb{}\u00a0\u00bb][et_pb_text _builder_version=\u00a0\u00bb4.27.6&Prime; _module_preset=\u00a0\u00bb7e815e5b-c042-4930-9f47-86f0425bfee6&Prime; text_font=\u00a0\u00bb||||||||\u00a0\u00bb text_text_color=\u00a0\u00bb#000000&Prime; text_line_height=\u00a0\u00bb1.6em\u00a0\u00bb hover_enabled=\u00a0\u00bb0&Prime; text_font_size_tablet=\u00a0\u00bb15px\u00a0\u00bb text_font_size_phone=\u00a0\u00bb14px\u00a0\u00bb text_font_size_last_edited=\u00a0\u00bbon|desktop\u00a0\u00bb locked=\u00a0\u00bboff\u00a0\u00bb global_colors_info=\u00a0\u00bb{}\u00a0\u00bb sticky_enabled=\u00a0\u00bb0&Prime;]<\/p>\n<p><strong>Pr\u00e9sident :<\/strong> Noah Sidel<br \/><strong>Vice-pr\u00e9sident :<\/strong> Alexandra Ruaux<br \/><strong>Directeur du d\u00e9veloppement des entra\u00eeneurs et des joueurs :<\/strong> Freddy Davy<br \/><strong>Directeur de la collecte de fonds et des parrainages :<\/strong> Russ Cooper<br \/><strong>Gestionnaire des communications et du marketing :<\/strong> Morgan Bradley<br \/><strong>Directeur des officiels :<\/strong> Jerry Ishmael<br \/><strong>Gestionnaire des uniformes et des marchandises :<\/strong> Lorne Grintuch<br \/><strong>Secr\u00e9taire :<\/strong> J\u00e9r\u00f4me Beaugrand-Champagne<br \/><strong>Tr\u00e9sorier :<\/strong> Jonathan Mustillo<br \/><strong>Gestionnaire des uniformes et des marchandises :<\/strong> Ashee Sarin<\/p>\n<p>[\/et_pb_text][\/et_pb_column][\/et_pb_row][et_pb_row _builder_version=\u00a0\u00bb4.27.5&Prime; _module_preset=\u00a0\u00bbdefault\u00a0\u00bb global_colors_info=\u00a0\u00bb{}\u00a0\u00bb][et_pb_column type=\u00a0\u00bb4_4&Prime; _builder_version=\u00a0\u00bb4.27.5&Prime; _module_preset=\u00a0\u00bbdefault\u00a0\u00bb global_colors_info=\u00a0\u00bb{}\u00a0\u00bb][et_pb_divider divider_style=\u00a0\u00bbridge\u00a0\u00bb _builder_version=\u00a0\u00bb4.27.5&Prime; _module_preset=\u00a0\u00bbdefault\u00a0\u00bb max_width=\u00a0\u00bb60%\u00a0\u00bb module_alignment=\u00a0\u00bbcenter\u00a0\u00bb global_colors_info=\u00a0\u00bb{}\u00a0\u00bb][\/et_pb_divider][\/et_pb_column][\/et_pb_row][et_pb_row column_structure=\u00a0\u00bb2_5,3_5&Prime; _builder_version=\u00a0\u00bb4.27.5&Prime; _module_preset=\u00a0\u00bbdefault\u00a0\u00bb custom_margin=\u00a0\u00bb0px||||false|false\u00a0\u00bb custom_padding=\u00a0\u00bb0px||||false|false\u00a0\u00bb global_colors_info=\u00a0\u00bb{}\u00a0\u00bb][et_pb_column type=\u00a0\u00bb2_5&Prime; _builder_version=\u00a0\u00bb4.16&Prime; _module_preset=\u00a0\u00bbdefault\u00a0\u00bb global_colors_info=\u00a0\u00bb{}\u00a0\u00bb][et_pb_text _builder_version=\u00a0\u00bb4.27.5&Prime; _module_preset=\u00a0\u00bb33d8ed47-9575-4183-ae48-b1d6c4145db4&Prime; header_2_font=\u00a0\u00bb&#8211;et_global_heading_font|700||on|||||\u00a0\u00bb header_2_text_color=\u00a0\u00bb#000000&Prime; header_2_font_size=\u00a0\u00bb46px\u00a0\u00bb custom_margin=\u00a0\u00bb||0px||false|false\u00a0\u00bb header_2_font_size_tablet=\u00a0\u00bb32px\u00a0\u00bb header_2_font_size_phone=\u00a0\u00bb20px\u00a0\u00bb header_2_font_size_last_edited=\u00a0\u00bbon|phone\u00a0\u00bb locked=\u00a0\u00bboff\u00a0\u00bb global_colors_info=\u00a0\u00bb{}\u00a0\u00bb]<\/p>\n<h2>Les directeurs de programme et personnel de soutien<\/h2>\n<p>[\/et_pb_text][\/et_pb_column][et_pb_column type=\u00a0\u00bb3_5&Prime; _builder_version=\u00a0\u00bb4.16&Prime; _module_preset=\u00a0\u00bbdefault\u00a0\u00bb global_colors_info=\u00a0\u00bb{}\u00a0\u00bb][et_pb_text _builder_version=\u00a0\u00bb4.27.5&Prime; _module_preset=\u00a0\u00bb7e815e5b-c042-4930-9f47-86f0425bfee6&Prime; text_font=\u00a0\u00bb||||||||\u00a0\u00bb text_text_color=\u00a0\u00bb#000000&Prime; text_line_height=\u00a0\u00bb1.6em\u00a0\u00bb header_3_font=\u00a0\u00bb|||on|||||\u00a0\u00bb header_3_text_color=\u00a0\u00bb#C60908&Prime; header_3_font_size=\u00a0\u00bb26px\u00a0\u00bb header_3_line_height=\u00a0\u00bb1.6em\u00a0\u00bb text_font_size_tablet=\u00a0\u00bb15px\u00a0\u00bb text_font_size_phone=\u00a0\u00bb14px\u00a0\u00bb text_font_size_last_edited=\u00a0\u00bbon|desktop\u00a0\u00bb locked=\u00a0\u00bboff\u00a0\u00bb global_colors_info=\u00a0\u00bb{}\u00a0\u00bb]<\/p>\n<h3>Directeurs du programme<\/h3>\n<p>Registraire : directrice du baseball f\u00e9minin : Johanna Miller<br \/>\nResponsable des horaires : Melissa Gencher<br \/>\nDirecteur technique : Mat Lafortune<\/p>\n<h3>Les directeurs.trices des divisions<\/h3>\n<p>Rallye Cap : Alex Ruaux<br \/>\n9M : Nick Curtis<br \/>\n11M : \u00e0 d\u00e9terminer<br \/>\n13M : Michelle Chernock<br \/>\n15M : Ashee Sarin<br \/>\n18M : Andrew Mancini (entra\u00eeneur principal)[\/et_pb_text][\/et_pb_column][\/et_pb_row][\/et_pb_section][et_pb_section fb_built=\u00a0\u00bb1&Prime; admin_label=\u00a0\u00bbTestimonials\u00a0\u00bb _builder_version=\u00a0\u00bb4.16&Prime; _module_preset=\u00a0\u00bbdefault\u00a0\u00bb locked=\u00a0\u00bboff\u00a0\u00bb global_colors_info=\u00a0\u00bb{}\u00a0\u00bb][et_pb_row _builder_version=\u00a0\u00bb4.16&Prime; _module_preset=\u00a0\u00bbdefault\u00a0\u00bb global_colors_info=\u00a0\u00bb{}\u00a0\u00bb][et_pb_column type=\u00a0\u00bb4_4&Prime; _builder_version=\u00a0\u00bb4.16&Prime; _module_preset=\u00a0\u00bbdefault\u00a0\u00bb global_colors_info=\u00a0\u00bb{}\u00a0\u00bb][et_pb_text _builder_version=\u00a0\u00bb4.27.5&Prime; _module_preset=\u00a0\u00bb81971a75-841c-49d0-bfb5-1ec934ba9dc0&Prime; header_4_font=\u00a0\u00bbMontserrat|800|on|on|||||\u00a0\u00bb header_4_text_color=\u00a0\u00bb#FFFFFF\u00a0\u00bb header_4_font_size=\u00a0\u00bb100px\u00a0\u00bb header_4_line_height=\u00a0\u00bb1.1em\u00a0\u00bb text_orientation=\u00a0\u00bbcenter\u00a0\u00bb width=\u00a0\u00bb100%\u00a0\u00bb custom_margin=\u00a0\u00bb||-60px||false|false\u00a0\u00bb custom_margin_tablet=\u00a0\u00bb||-50px||false|false\u00a0\u00bb custom_margin_phone=\u00a0\u00bb||-10px||false|false\u00a0\u00bb custom_margin_last_edited=\u00a0\u00bbon|phone\u00a0\u00bb header_4_font_size_tablet=\u00a0\u00bb60px\u00a0\u00bb header_4_font_size_phone=\u00a0\u00bb26px\u00a0\u00bb header_4_font_size_last_edited=\u00a0\u00bbon|phone\u00a0\u00bb header_4_text_shadow_style=\u00a0\u00bbpreset3&Prime; header_4_text_shadow_blur_strength=\u00a0\u00bb0.01em\u00a0\u00bb header_4_text_shadow_color=\u00a0\u00bb#000000&Prime; header_4_text_shadow_blur_strength_tablet=\u00a0\u00bb\u00a0\u00bb header_4_text_shadow_blur_strength_phone=\u00a0\u00bb0.03em\u00a0\u00bb header_4_text_shadow_blur_strength_last_edited=\u00a0\u00bbon|phone\u00a0\u00bb locked=\u00a0\u00bboff\u00a0\u00bb global_colors_info=\u00a0\u00bb{}\u00a0\u00bb]<\/p>\n<h4>Depuis 1961<\/h4>\n<p>[\/et_pb_text][et_pb_text _builder_version=\u00a0\u00bb4.27.5&Prime; _module_preset=\u00a0\u00bb33d8ed47-9575-4183-ae48-b1d6c4145db4&Prime; header_2_font=\u00a0\u00bb&#8211;et_global_heading_font|700||on|||||\u00a0\u00bb header_2_text_align=\u00a0\u00bbcenter\u00a0\u00bb header_2_text_color=\u00a0\u00bb#000000&Prime; header_2_font_size=\u00a0\u00bb60px\u00a0\u00bb header_2_font_size_tablet=\u00a0\u00bb32px\u00a0\u00bb header_2_font_size_phone=\u00a0\u00bb20px\u00a0\u00bb header_2_font_size_last_edited=\u00a0\u00bbon|phone\u00a0\u00bb locked=\u00a0\u00bboff\u00a0\u00bb global_colors_info=\u00a0\u00bb{}\u00a0\u00bb]<\/p>\n<h2>ANCIEN.NES PR\u00c9SIDENT.ES<\/h2>\n<p>[\/et_pb_text][\/et_pb_column][\/et_pb_row][et_pb_row _builder_version=\u00a0\u00bb4.27.5&Prime; _module_preset=\u00a0\u00bbdefault\u00a0\u00bb width=\u00a0\u00bb100%\u00a0\u00bb global_colors_info=\u00a0\u00bb{}\u00a0\u00bb][et_pb_column type=\u00a0\u00bb4_4&Prime; _builder_version=\u00a0\u00bb4.16&Prime; _module_preset=\u00a0\u00bbdefault\u00a0\u00bb global_colors_info=\u00a0\u00bb{}\u00a0\u00bb][et_pb_text _builder_version=\u00a0\u00bb4.27.5&Prime; _module_preset=\u00a0\u00bb7e815e5b-c042-4930-9f47-86f0425bfee6&Prime; text_font=\u00a0\u00bb||||||||\u00a0\u00bb text_text_color=\u00a0\u00bb#000000&Prime; text_line_height=\u00a0\u00bb1.6em\u00a0\u00bb text_font_size_tablet=\u00a0\u00bb15px\u00a0\u00bb text_font_size_phone=\u00a0\u00bb14px\u00a0\u00bb text_font_size_last_edited=\u00a0\u00bbon|desktop\u00a0\u00bb locked=\u00a0\u00bboff\u00a0\u00bb global_colors_info=\u00a0\u00bb{}\u00a0\u00bb]<\/p>\n<p style=\"text-align: center;\"><strong>2016-2025:<\/strong> Ray Callari<br \/><strong>2015:<\/strong> Terry Doucet<br \/><strong>2014:<\/strong> Mary-Catherine Carmel<br \/><strong>2013:<\/strong> Lionel Geller<br \/><strong>2012:<\/strong> Mary-Catherine Carmel<br \/><strong>2009-2011:<\/strong> Steve Glazer<br \/><strong>2007-2008:<\/strong> Ken Quinn<br \/><strong>2006:<\/strong> Debbie Praw<br \/><strong>2005:<\/strong> Lionel Geller &amp; Terry Doucet<br \/><strong>2004:<\/strong> Jim Mavrokefalos<br \/><strong>2003:<\/strong> Dennis Clendenning &amp; Jim Mavrokefalos<br \/><strong>2002:<\/strong> Debbie Praw<br \/><strong>2000-2001:<\/strong> Lionel Geller<br \/><strong>1998-1999:<\/strong> Martin C\u00f4t\u00e9<br \/><strong>1996-1997:<\/strong> Henry Lavinskas<br \/><strong>1995:<\/strong> Mohti Mahtani<br \/><strong>1994:<\/strong> Martin C\u00f4t\u00e9<br \/><strong>1993:<\/strong> Allen Dykler<br \/><strong>1991-1992:<\/strong> Bill Locke<br \/><strong>1990:<\/strong> Pierre Cyr<br \/><strong>1989:<\/strong> Lionel Geller<br \/><strong>1987-1988:<\/strong> William Hurst<br \/><strong>1962-1986:<\/strong> Unknown<br \/><strong>1961:<\/strong> Frank Donnelly Jr.<\/p>\n<p>[\/et_pb_text][\/et_pb_column][\/et_pb_row][\/et_pb_section][et_pb_section fb_built=\u00a0\u00bb1&Prime; fullwidth=\u00a0\u00bbon\u00a0\u00bb _builder_version=\u00a0\u00bb4.27.5&Prime; _module_preset=\u00a0\u00bbdefault\u00a0\u00bb background_color=\u00a0\u00bb#C60908&Prime; locked=\u00a0\u00bboff\u00a0\u00bb global_colors_info=\u00a0\u00bb{}\u00a0\u00bb][et_pb_fullwidth_header title=\u00a0\u00bbReconnaissance territoriale\u00a0\u00bb _builder_version=\u00a0\u00bb4.27.5&Prime; _module_preset=\u00a0\u00bbdefault\u00a0\u00bb title_level=\u00a0\u00bbh2&Prime; title_font=\u00a0\u00bb|||on|||||\u00a0\u00bb title_font_size=\u00a0\u00bb60px\u00a0\u00bb content_line_height=\u00a0\u00bb1.6em\u00a0\u00bb subhead_font=\u00a0\u00bb|||on|||||\u00a0\u00bb subhead_text_color=\u00a0\u00bb#FFFFFF\u00a0\u00bb subhead_font_size=\u00a0\u00bb26px\u00a0\u00bb subhead_line_height=\u00a0\u00bb1.6em\u00a0\u00bb background_color=\u00a0\u00bb#C60908&Prime; global_colors_info=\u00a0\u00bb{}\u00a0\u00bb]<\/p>\n<p>L&rsquo;Association de baseball NDG reconna\u00eet que notre association op\u00e8re sur des terres autochtones non c\u00e9d\u00e9es.<\/p>\n<p>&nbsp;<\/p>\n<p>La Nation Kanien\u2019keh\u00e1:ka est reconnue comme la gardienne des terres et des eaux sur lesquelles nous nous r\u00e9unissons aujourd\u2019hui. Tiohti\u00e0:ke\/Montr\u00e9al est historiquement connue comme un lieu de rassemblement pour de nombreuses Premi\u00e8res Nations.<\/p>\n<p>&nbsp;<\/p>\n<p>Aujourd\u2019hui, elle abrite une population diversifi\u00e9e d\u2019Autochtones et d\u2019autres peuples.<\/p>\n<p>&nbsp;<\/p>\n<p>Nous respectons les liens continus avec le pass\u00e9, le pr\u00e9sent et l\u2019avenir dans nos relations continues avec les peuples autochtones et autres au sein de la communaut\u00e9 montr\u00e9alaise.<\/p>\n<p>[\/et_pb_fullwidth_header][\/et_pb_section]<\/p>\n","protected":false},"excerpt":{"rendered":"<p>NOTRE \u00c9QUIPELe CONSEIL D&rsquo;ADMINISTRATION2025-26Pr\u00e9sident : Noah SidelVice-pr\u00e9sident : Alexandra RuauxDirecteur du d\u00e9veloppement des entra\u00eeneurs et des joueurs : Freddy DavyDirecteur de la collecte de fonds et des parrainages : Russ CooperGestionnaire des communications et du marketing : Morgan BradleyDirecteur des officiels : Jerry IshmaelGestionnaire des uniformes et des marchandises : Lorne GrintuchSecr\u00e9taire : J\u00e9r\u00f4me Beaugrand-ChampagneTr\u00e9sorier [&hellip;]<\/p>\n","protected":false},"author":3,"featured_media":0,"parent":0,"menu_order":28,"comment_status":"closed","ping_status":"closed","template":"","meta":{"_et_pb_use_builder":"on","_et_pb_old_content":"<!-- wp:divi\/placeholder \/-->","_et_gb_content_width":"","footnotes":""},"class_list":["post-1142","page","type-page","status-publish","hentry"],"yoast_head":"<!-- This site is optimized with the Yoast SEO plugin v27.3 - https:\/\/yoast.com\/product\/yoast-seo-wordpress\/ -->\n<title>Qui sommes-nous - NDG Baseball Association<\/title>\n<meta name=\"robots\" content=\"index, follow, max-snippet:-1, max-image-preview:large, max-video-preview:-1\" \/>\n<link rel=\"canonical\" href=\"https:\/\/ndgbaseball.com\/fr\/a-propos\/\" \/>\n<meta property=\"og:locale\" content=\"fr_FR\" \/>\n<meta property=\"og:type\" content=\"article\" \/>\n<meta property=\"og:title\" content=\"Qui sommes-nous - NDG Baseball Association\" \/>\n<meta property=\"og:description\" content=\"NOTRE \u00c9QUIPELe CONSEIL D&#039;ADMINISTRATION2025-26Pr\u00e9sident : Noah SidelVice-pr\u00e9sident : Alexandra RuauxDirecteur du d\u00e9veloppement des entra\u00eeneurs et des joueurs : Freddy DavyDirecteur de la collecte de fonds et des parrainages : Russ CooperGestionnaire des communications et du marketing : Morgan BradleyDirecteur des officiels : Jerry IshmaelGestionnaire des uniformes et des marchandises : Lorne GrintuchSecr\u00e9taire : J\u00e9r\u00f4me Beaugrand-ChampagneTr\u00e9sorier [&hellip;]\" \/>\n<meta property=\"og:url\" content=\"https:\/\/ndgbaseball.com\/fr\/a-propos\/\" \/>\n<meta property=\"og:site_name\" content=\"NDG Baseball Association\" \/>\n<meta property=\"article:publisher\" content=\"https:\/\/www.facebook.com\/ndg.baseball\" \/>\n<meta property=\"article:modified_time\" content=\"2026-03-06T19:43:38+00:00\" \/>\n<meta name=\"twitter:card\" content=\"summary_large_image\" \/>\n<meta name=\"twitter:label1\" content=\"Dur\u00e9e de lecture estim\u00e9e\" \/>\n\t<meta name=\"twitter:data1\" content=\"7 minutes\" \/>\n<script type=\"application\/ld+json\" class=\"yoast-schema-graph\">{\"@context\":\"https:\\\/\\\/schema.org\",\"@graph\":[{\"@type\":\"WebPage\",\"@id\":\"https:\\\/\\\/ndgbaseball.com\\\/fr\\\/a-propos\\\/\",\"url\":\"https:\\\/\\\/ndgbaseball.com\\\/fr\\\/a-propos\\\/\",\"name\":\"Qui sommes-nous - NDG Baseball Association\",\"isPartOf\":{\"@id\":\"https:\\\/\\\/ndgbaseball.com\\\/fr\\\/#website\"},\"datePublished\":\"2026-01-23T00:12:01+00:00\",\"dateModified\":\"2026-03-06T19:43:38+00:00\",\"breadcrumb\":{\"@id\":\"https:\\\/\\\/ndgbaseball.com\\\/fr\\\/a-propos\\\/#breadcrumb\"},\"inLanguage\":\"fr-FR\",\"potentialAction\":[{\"@type\":\"ReadAction\",\"target\":[\"https:\\\/\\\/ndgbaseball.com\\\/fr\\\/a-propos\\\/\"]}]},{\"@type\":\"BreadcrumbList\",\"@id\":\"https:\\\/\\\/ndgbaseball.com\\\/fr\\\/a-propos\\\/#breadcrumb\",\"itemListElement\":[{\"@type\":\"ListItem\",\"position\":1,\"name\":\"Home\",\"item\":\"https:\\\/\\\/ndgbaseball.com\\\/fr\\\/\"},{\"@type\":\"ListItem\",\"position\":2,\"name\":\"Qui sommes-nous\"}]},{\"@type\":\"WebSite\",\"@id\":\"https:\\\/\\\/ndgbaseball.com\\\/fr\\\/#website\",\"url\":\"https:\\\/\\\/ndgbaseball.com\\\/fr\\\/\",\"name\":\"NDG Baseball Association\",\"description\":\"Team First, Always\",\"publisher\":{\"@id\":\"https:\\\/\\\/ndgbaseball.com\\\/fr\\\/#organization\"},\"potentialAction\":[{\"@type\":\"SearchAction\",\"target\":{\"@type\":\"EntryPoint\",\"urlTemplate\":\"https:\\\/\\\/ndgbaseball.com\\\/fr\\\/?s={search_term_string}\"},\"query-input\":{\"@type\":\"PropertyValueSpecification\",\"valueRequired\":true,\"valueName\":\"search_term_string\"}}],\"inLanguage\":\"fr-FR\"},{\"@type\":\"Organization\",\"@id\":\"https:\\\/\\\/ndgbaseball.com\\\/fr\\\/#organization\",\"name\":\"NDG Baseball Association\",\"url\":\"https:\\\/\\\/ndgbaseball.com\\\/fr\\\/\",\"logo\":{\"@type\":\"ImageObject\",\"inLanguage\":\"fr-FR\",\"@id\":\"https:\\\/\\\/ndgbaseball.com\\\/fr\\\/#\\\/schema\\\/logo\\\/image\\\/\",\"url\":\"https:\\\/\\\/ndgbaseball.com\\\/wp-content\\\/uploads\\\/2026\\\/01\\\/ndg-logo-round-1961-600.jpg\",\"contentUrl\":\"https:\\\/\\\/ndgbaseball.com\\\/wp-content\\\/uploads\\\/2026\\\/01\\\/ndg-logo-round-1961-600.jpg\",\"width\":600,\"height\":600,\"caption\":\"NDG Baseball Association\"},\"image\":{\"@id\":\"https:\\\/\\\/ndgbaseball.com\\\/fr\\\/#\\\/schema\\\/logo\\\/image\\\/\"},\"sameAs\":[\"https:\\\/\\\/www.facebook.com\\\/ndg.baseball\",\"https:\\\/\\\/www.instagram.com\\\/ndg.baseball\\\/\"]}]}<\/script>\n<!-- \/ Yoast SEO plugin. -->","yoast_head_json":{"title":"Qui sommes-nous - NDG Baseball Association","robots":{"index":"index","follow":"follow","max-snippet":"max-snippet:-1","max-image-preview":"max-image-preview:large","max-video-preview":"max-video-preview:-1"},"canonical":"https:\/\/ndgbaseball.com\/fr\/a-propos\/","og_locale":"fr_FR","og_type":"article","og_title":"Qui sommes-nous - NDG Baseball Association","og_description":"NOTRE \u00c9QUIPELe CONSEIL D'ADMINISTRATION2025-26Pr\u00e9sident : Noah SidelVice-pr\u00e9sident : Alexandra RuauxDirecteur du d\u00e9veloppement des entra\u00eeneurs et des joueurs : Freddy DavyDirecteur de la collecte de fonds et des parrainages : Russ CooperGestionnaire des communications et du marketing : Morgan BradleyDirecteur des officiels : Jerry IshmaelGestionnaire des uniformes et des marchandises : Lorne GrintuchSecr\u00e9taire : J\u00e9r\u00f4me Beaugrand-ChampagneTr\u00e9sorier [&hellip;]","og_url":"https:\/\/ndgbaseball.com\/fr\/a-propos\/","og_site_name":"NDG Baseball Association","article_publisher":"https:\/\/www.facebook.com\/ndg.baseball","article_modified_time":"2026-03-06T19:43:38+00:00","twitter_card":"summary_large_image","twitter_misc":{"Dur\u00e9e de lecture estim\u00e9e":"7 minutes"},"schema":{"@context":"https:\/\/schema.org","@graph":[{"@type":"WebPage","@id":"https:\/\/ndgbaseball.com\/fr\/a-propos\/","url":"https:\/\/ndgbaseball.com\/fr\/a-propos\/","name":"Qui sommes-nous - NDG Baseball Association","isPartOf":{"@id":"https:\/\/ndgbaseball.com\/fr\/#website"},"datePublished":"2026-01-23T00:12:01+00:00","dateModified":"2026-03-06T19:43:38+00:00","breadcrumb":{"@id":"https:\/\/ndgbaseball.com\/fr\/a-propos\/#breadcrumb"},"inLanguage":"fr-FR","potentialAction":[{"@type":"ReadAction","target":["https:\/\/ndgbaseball.com\/fr\/a-propos\/"]}]},{"@type":"BreadcrumbList","@id":"https:\/\/ndgbaseball.com\/fr\/a-propos\/#breadcrumb","itemListElement":[{"@type":"ListItem","position":1,"name":"Home","item":"https:\/\/ndgbaseball.com\/fr\/"},{"@type":"ListItem","position":2,"name":"Qui sommes-nous"}]},{"@type":"WebSite","@id":"https:\/\/ndgbaseball.com\/fr\/#website","url":"https:\/\/ndgbaseball.com\/fr\/","name":"NDG Baseball Association","description":"Team First, Always","publisher":{"@id":"https:\/\/ndgbaseball.com\/fr\/#organization"},"potentialAction":[{"@type":"SearchAction","target":{"@type":"EntryPoint","urlTemplate":"https:\/\/ndgbaseball.com\/fr\/?s={search_term_string}"},"query-input":{"@type":"PropertyValueSpecification","valueRequired":true,"valueName":"search_term_string"}}],"inLanguage":"fr-FR"},{"@type":"Organization","@id":"https:\/\/ndgbaseball.com\/fr\/#organization","name":"NDG Baseball Association","url":"https:\/\/ndgbaseball.com\/fr\/","logo":{"@type":"ImageObject","inLanguage":"fr-FR","@id":"https:\/\/ndgbaseball.com\/fr\/#\/schema\/logo\/image\/","url":"https:\/\/ndgbaseball.com\/wp-content\/uploads\/2026\/01\/ndg-logo-round-1961-600.jpg","contentUrl":"https:\/\/ndgbaseball.com\/wp-content\/uploads\/2026\/01\/ndg-logo-round-1961-600.jpg","width":600,"height":600,"caption":"NDG Baseball Association"},"image":{"@id":"https:\/\/ndgbaseball.com\/fr\/#\/schema\/logo\/image\/"},"sameAs":["https:\/\/www.facebook.com\/ndg.baseball","https:\/\/www.instagram.com\/ndg.baseball\/"]}]}},"_links":{"self":[{"href":"https:\/\/ndgbaseball.com\/fr\/wp-json\/wp\/v2\/pages\/1142","targetHints":{"allow":["GET"]}}],"collection":[{"href":"https:\/\/ndgbaseball.com\/fr\/wp-json\/wp\/v2\/pages"}],"about":[{"href":"https:\/\/ndgbaseball.com\/fr\/wp-json\/wp\/v2\/types\/page"}],"author":[{"embeddable":true,"href":"https:\/\/ndgbaseball.com\/fr\/wp-json\/wp\/v2\/users\/3"}],"replies":[{"embeddable":true,"href":"https:\/\/ndgbaseball.com\/fr\/wp-json\/wp\/v2\/comments?post=1142"}],"version-history":[{"count":8,"href":"https:\/\/ndgbaseball.com\/fr\/wp-json\/wp\/v2\/pages\/1142\/revisions"}],"predecessor-version":[{"id":2309,"href":"https:\/\/ndgbaseball.com\/fr\/wp-json\/wp\/v2\/pages\/1142\/revisions\/2309"}],"wp:attachment":[{"href":"https:\/\/ndgbaseball.com\/fr\/wp-json\/wp\/v2\/media?parent=1142"}],"curies":[{"name":"wp","href":"https:\/\/api.w.org\/{rel}","templated":true}]}}