{"id":1140,"date":"2026-01-22T19:11:07","date_gmt":"2026-01-23T00:11:07","guid":{"rendered":"https:\/\/ndgbaseball.com\/equipment-guide\/"},"modified":"2026-02-17T11:03:40","modified_gmt":"2026-02-17T16:03:40","slug":"equipement","status":"publish","type":"page","link":"https:\/\/ndgbaseball.com\/fr\/equipement\/","title":{"rendered":"Guide de l&rsquo;\u00e9quipement"},"content":{"rendered":"<p>[et_pb_section fb_built=\u00a0\u00bb1&Prime; admin_label=\u00a0\u00bbHeader\u00a0\u00bb _builder_version=\u00a0\u00bb4.27.5&Prime; _module_preset=\u00a0\u00bbdefault\u00a0\u00bb use_background_color_gradient=\u00a0\u00bbon\u00a0\u00bb background_color_gradient_direction=\u00a0\u00bb90deg\u00a0\u00bb background_color_gradient_stops=\u00a0\u00bbrgba(0,0,0,0) 50%|#ffffff 50%\u00a0\u00bb background_color_gradient_overlays_image=\u00a0\u00bbon\u00a0\u00bb background_color_gradient_start=\u00a0\u00bbrgba(0,0,0,0)\u00a0\u00bb background_color_gradient_start_position=\u00a0\u00bb50%\u00a0\u00bb background_color_gradient_end=\u00a0\u00bb#ffffff\u00a0\u00bb background_color_gradient_end_position=\u00a0\u00bb50%\u00a0\u00bb background_image=\u00a0\u00bbhttps:\/\/ndgbaseball.com\/wp-content\/uploads\/2026\/01\/glove-header.jpg\u00a0\u00bb locked=\u00a0\u00bboff\u00a0\u00bb global_colors_info=\u00a0\u00bb{}\u00a0\u00bb][et_pb_row _builder_version=\u00a0\u00bb4.27.5&Prime; _module_preset=\u00a0\u00bbdefault\u00a0\u00bb background_color=\u00a0\u00bb#C60908&Prime; width=\u00a0\u00bb100%\u00a0\u00bb custom_margin=\u00a0\u00bb0px||0px||false|false\u00a0\u00bb custom_padding=\u00a0\u00bb30px|30px|30px||false|false\u00a0\u00bb global_colors_info=\u00a0\u00bb{}\u00a0\u00bb][et_pb_column type=\u00a0\u00bb4_4&Prime; _builder_version=\u00a0\u00bb4.27.5&Prime; _module_preset=\u00a0\u00bbdefault\u00a0\u00bb global_colors_info=\u00a0\u00bb{}\u00a0\u00bb][et_pb_text _builder_version=\u00a0\u00bb4.27.5&Prime; _module_preset=\u00a0\u00bb77bd6224-541c-4dfa-aa0c-4832456a9557&Prime; header_font=\u00a0\u00bb&#8211;et_global_heading_font|900|on|on|||||\u00a0\u00bb header_text_align=\u00a0\u00bbright\u00a0\u00bb header_text_color=\u00a0\u00bb#FFFFFF\u00a0\u00bb header_font_size=\u00a0\u00bb120px\u00a0\u00bb header_line_height=\u00a0\u00bb0.7em\u00a0\u00bb header_2_font=\u00a0\u00bb|||on|||||\u00a0\u00bb header_2_text_color=\u00a0\u00bb#FFFFFF\u00a0\u00bb header_2_font_size=\u00a0\u00bb60px\u00a0\u00bb header_3_font=\u00a0\u00bb|||on|||||\u00a0\u00bb header_3_text_color=\u00a0\u00bb#E93530&Prime; header_3_font_size=\u00a0\u00bb26px\u00a0\u00bb header_3_line_height=\u00a0\u00bb1.6em\u00a0\u00bb header_font_size_tablet=\u00a0\u00bb60px\u00a0\u00bb header_font_size_phone=\u00a0\u00bb30px\u00a0\u00bb header_font_size_last_edited=\u00a0\u00bbon|desktop\u00a0\u00bb header_text_shadow_style=\u00a0\u00bbpreset1&Prime; locked=\u00a0\u00bboff\u00a0\u00bb global_colors_info=\u00a0\u00bb{%22gcid-5fba0126-308f-4f42-aa94-6c5d80831bca%22:%91%93}\u00a0\u00bb]<\/p>\n<h1>Guide de l&rsquo;\u00e9quipement<\/h1>\n<p>[\/et_pb_text][\/et_pb_column][\/et_pb_row][\/et_pb_section][et_pb_section fb_built=\u00a0\u00bb1&Prime; _builder_version=\u00a0\u00bb4.27.5&Prime; _module_preset=\u00a0\u00bbdefault\u00a0\u00bb global_colors_info=\u00a0\u00bb{}\u00a0\u00bb][et_pb_row column_structure=\u00a0\u00bb1_2,1_2&Prime; _builder_version=\u00a0\u00bb4.27.5&Prime; _module_preset=\u00a0\u00bbdefault\u00a0\u00bb global_colors_info=\u00a0\u00bb{}\u00a0\u00bb][et_pb_column type=\u00a0\u00bb1_2&Prime; _builder_version=\u00a0\u00bb4.27.5&Prime; _module_preset=\u00a0\u00bbdefault\u00a0\u00bb global_colors_info=\u00a0\u00bb{}\u00a0\u00bb][et_pb_image src=\u00a0\u00bbhttps:\/\/ndgbaseball.com\/wp-content\/uploads\/2026\/02\/equipement-defence-fr.png\u00a0\u00bb alt=\u00a0\u00bbGuide de l&rsquo;equipement en defensive\u00a0\u00bb title_text=\u00a0\u00bbequipement-defence-fr\u00a0\u00bb show_in_lightbox=\u00a0\u00bbon\u00a0\u00bb _builder_version=\u00a0\u00bb4.27.5&Prime; _module_preset=\u00a0\u00bbdefault\u00a0\u00bb global_colors_info=\u00a0\u00bb{}\u00a0\u00bb][\/et_pb_image][\/et_pb_column][et_pb_column type=\u00a0\u00bb1_2&Prime; _builder_version=\u00a0\u00bb4.27.5&Prime; _module_preset=\u00a0\u00bbdefault\u00a0\u00bb global_colors_info=\u00a0\u00bb{}\u00a0\u00bb][et_pb_image src=\u00a0\u00bbhttps:\/\/ndgbaseball.com\/wp-content\/uploads\/2026\/02\/equipement-offence-fr.png\u00a0\u00bb alt=\u00a0\u00bbGuide de l&rsquo;equipement a l&rsquo;offensive\u00a0\u00bb title_text=\u00a0\u00bbequipement-offence-fr\u00a0\u00bb show_in_lightbox=\u00a0\u00bbon\u00a0\u00bb _builder_version=\u00a0\u00bb4.27.5&Prime; _module_preset=\u00a0\u00bbdefault\u00a0\u00bb global_colors_info=\u00a0\u00bb{}\u00a0\u00bb][\/et_pb_image][\/et_pb_column][\/et_pb_row][et_pb_row _builder_version=\u00a0\u00bb4.27.5&Prime; _module_preset=\u00a0\u00bbdefault\u00a0\u00bb global_colors_info=\u00a0\u00bb{}\u00a0\u00bb][et_pb_column type=\u00a0\u00bb4_4&Prime; _builder_version=\u00a0\u00bb4.27.5&Prime; _module_preset=\u00a0\u00bbdefault\u00a0\u00bb global_colors_info=\u00a0\u00bb{}\u00a0\u00bb][et_pb_text _builder_version=\u00a0\u00bb4.27.5&Prime; _module_preset=\u00a0\u00bbafe8fc41-dc70-4bf1-b625-17644c79cbc3&Prime; text_font=\u00a0\u00bb||||||||\u00a0\u00bb text_text_color=\u00a0\u00bb#000000&Prime; text_line_height=\u00a0\u00bb1.6em\u00a0\u00bb text_font_size_tablet=\u00a0\u00bb15px\u00a0\u00bb text_font_size_phone=\u00a0\u00bb14px\u00a0\u00bb text_font_size_last_edited=\u00a0\u00bbon|desktop\u00a0\u00bb locked=\u00a0\u00bboff\u00a0\u00bb global_colors_info=\u00a0\u00bb{}\u00a0\u00bb]L&rsquo;\u00e9quipement standard de baseball comprend tous les \u00e9l\u00e9ments mentionn\u00e9s ci-dessus.[\/et_pb_text][\/et_pb_column][\/et_pb_row][\/et_pb_section][et_pb_section fb_built=\u00a0\u00bb1&Prime; admin_label=\u00a0\u00bbFeature\u00a0\u00bb _builder_version=\u00a0\u00bb4.16&Prime; _module_preset=\u00a0\u00bbdefault\u00a0\u00bb background_enable_image=\u00a0\u00bboff\u00a0\u00bb global_colors_info=\u00a0\u00bb{}\u00a0\u00bb][et_pb_row column_structure=\u00a0\u00bb2_5,3_5&Prime; _builder_version=\u00a0\u00bb4.27.5&Prime; _module_preset=\u00a0\u00bbdefault\u00a0\u00bb custom_margin=\u00a0\u00bb||30px||false|false\u00a0\u00bb global_colors_info=\u00a0\u00bb{}\u00a0\u00bb][et_pb_column type=\u00a0\u00bb2_5&Prime; _builder_version=\u00a0\u00bb4.16&Prime; _module_preset=\u00a0\u00bbdefault\u00a0\u00bb global_colors_info=\u00a0\u00bb{}\u00a0\u00bb][et_pb_text _builder_version=\u00a0\u00bb4.27.5&Prime; _module_preset=\u00a0\u00bb33d8ed47-9575-4183-ae48-b1d6c4145db4&Prime; header_2_font=\u00a0\u00bb&#8211;et_global_heading_font|700||on|||||\u00a0\u00bb header_2_text_color=\u00a0\u00bb#000000&Prime; header_2_font_size=\u00a0\u00bb60px\u00a0\u00bb header_3_font=\u00a0\u00bb|||on|||||\u00a0\u00bb header_3_text_color=\u00a0\u00bb#E93530&Prime; header_3_font_size=\u00a0\u00bb26px\u00a0\u00bb header_3_line_height=\u00a0\u00bb1.2em\u00a0\u00bb header_2_font_size_tablet=\u00a0\u00bb32px\u00a0\u00bb header_2_font_size_phone=\u00a0\u00bb20px\u00a0\u00bb header_2_font_size_last_edited=\u00a0\u00bbon|phone\u00a0\u00bb locked=\u00a0\u00bboff\u00a0\u00bb global_colors_info=\u00a0\u00bb{}\u00a0\u00bb]<\/p>\n<h2>L&rsquo;\u00e9quipement obligatoire est le suivant :<\/h2>\n<p>[\/et_pb_text][\/et_pb_column][et_pb_column type=\u00a0\u00bb3_5&Prime; _builder_version=\u00a0\u00bb4.16&Prime; _module_preset=\u00a0\u00bbdefault\u00a0\u00bb global_colors_info=\u00a0\u00bb{}\u00a0\u00bb][et_pb_text _builder_version=\u00a0\u00bb4.27.5&Prime; _module_preset=\u00a0\u00bbafe8fc41-dc70-4bf1-b625-17644c79cbc3&Prime; text_font=\u00a0\u00bb||||||||\u00a0\u00bb text_text_color=\u00a0\u00bb#000000&Prime; text_line_height=\u00a0\u00bb1.6em\u00a0\u00bb text_font_size_tablet=\u00a0\u00bb15px\u00a0\u00bb text_font_size_phone=\u00a0\u00bb14px\u00a0\u00bb text_font_size_last_edited=\u00a0\u00bbon|desktop\u00a0\u00bb locked=\u00a0\u00bboff\u00a0\u00bb global_colors_info=\u00a0\u00bb{}\u00a0\u00bb]<\/p>\n<ul>\n<li>Casquette de baseball<\/li>\n<li>Gant de baseball<\/li>\n<li>Jockstrap pour les gar\u00e7ons, jill pour les filles<\/li>\n<li>Crampons de baseball ou chaussures de sport<\/li>\n<li>Casque de frappeur certifi\u00e9<\/li>\n<li>B\u00e2ton de baseball certifi\u00e9 (consultez le r\u00e8glement de la BQ avant l&rsquo;achat). Les b\u00e2ton de la marque Decathlon ne sont pas certifi\u00e9 et sont interdites.<\/li>\n<\/ul>\n<p>[\/et_pb_text][\/et_pb_column][\/et_pb_row][et_pb_row column_structure=\u00a0\u00bb3_5,2_5&Prime; _builder_version=\u00a0\u00bb4.27.5&Prime; _module_preset=\u00a0\u00bbdefault\u00a0\u00bb custom_margin=\u00a0\u00bb||30px||false|false\u00a0\u00bb global_colors_info=\u00a0\u00bb{}\u00a0\u00bb][et_pb_column type=\u00a0\u00bb3_5&Prime; _builder_version=\u00a0\u00bb4.16&Prime; _module_preset=\u00a0\u00bbdefault\u00a0\u00bb global_colors_info=\u00a0\u00bb{}\u00a0\u00bb][et_pb_text _builder_version=\u00a0\u00bb4.27.5&Prime; _module_preset=\u00a0\u00bbafe8fc41-dc70-4bf1-b625-17644c79cbc3&Prime; text_font=\u00a0\u00bb||||||||\u00a0\u00bb text_text_color=\u00a0\u00bb#000000&Prime; text_line_height=\u00a0\u00bb1.6em\u00a0\u00bb text_font_size_tablet=\u00a0\u00bb15px\u00a0\u00bb text_font_size_phone=\u00a0\u00bb14px\u00a0\u00bb text_font_size_last_edited=\u00a0\u00bbon|desktop\u00a0\u00bb locked=\u00a0\u00bboff\u00a0\u00bb global_colors_info=\u00a0\u00bb{}\u00a0\u00bb]<\/p>\n<ul>\n<li>Gants de frappeur (optionnels, mais recommand\u00e9s)<\/li>\n<li>Tout type de protection sp\u00e9cifique au baseball pour les frappeurs (par exemple : coudi\u00e8res ou prot\u00e8ge-cheville)<\/li>\n<li>Une prot\u00e8ge-visage pour le casque de frappeur certifi\u00e9 est optionnelle, mais fortement recommand\u00e9e<\/li>\n<li>Les gants de glissade sont autoris\u00e9s, mais fortement d\u00e9conseill\u00e9s, sauf si votre joueur glisse t\u00eate premi\u00e8re, ce qui est autoris\u00e9, mais non enseign\u00e9 ni encourag\u00e9 aux niveaux A et B.<\/li>\n<\/ul>\n<p>[\/et_pb_text][\/et_pb_column][et_pb_column type=\u00a0\u00bb2_5&Prime; _builder_version=\u00a0\u00bb4.16&Prime; _module_preset=\u00a0\u00bbdefault\u00a0\u00bb global_colors_info=\u00a0\u00bb{}\u00a0\u00bb][et_pb_text _builder_version=\u00a0\u00bb4.27.5&Prime; _module_preset=\u00a0\u00bb33d8ed47-9575-4183-ae48-b1d6c4145db4&Prime; header_2_font=\u00a0\u00bb&#8211;et_global_heading_font|700||on|||||\u00a0\u00bb header_2_text_color=\u00a0\u00bb#000000&Prime; header_2_font_size=\u00a0\u00bb60px\u00a0\u00bb header_3_font=\u00a0\u00bb|||on|||||\u00a0\u00bb header_3_text_color=\u00a0\u00bb#E93530&Prime; header_3_font_size=\u00a0\u00bb26px\u00a0\u00bb header_3_line_height=\u00a0\u00bb1.2em\u00a0\u00bb header_2_font_size_tablet=\u00a0\u00bb32px\u00a0\u00bb header_2_font_size_phone=\u00a0\u00bb20px\u00a0\u00bb header_2_font_size_last_edited=\u00a0\u00bbon|phone\u00a0\u00bb locked=\u00a0\u00bboff\u00a0\u00bb global_colors_info=\u00a0\u00bb{}\u00a0\u00bb]<\/p>\n<h2>L&rsquo;\u00e9quipement optionnel comprend :<\/h2>\n<p>[\/et_pb_text][\/et_pb_column][\/et_pb_row][et_pb_row _builder_version=\u00a0\u00bb4.27.5&Prime; _module_preset=\u00a0\u00bbdefault\u00a0\u00bb global_colors_info=\u00a0\u00bb{}\u00a0\u00bb][et_pb_column type=\u00a0\u00bb4_4&Prime; _builder_version=\u00a0\u00bb4.27.5&Prime; _module_preset=\u00a0\u00bbdefault\u00a0\u00bb global_colors_info=\u00a0\u00bb{}\u00a0\u00bb][et_pb_image src=\u00a0\u00bbhttps:\/\/ndgbaseball.com\/wp-content\/uploads\/2026\/02\/PIAS-FR.avif\u00a0\u00bb alt=\u00a0\u00bbPlay It Again Sports\u00a0\u00bb title_text=\u00a0\u00bbPIAS-FR\u00a0\u00bb show_in_lightbox=\u00a0\u00bbon\u00a0\u00bb _builder_version=\u00a0\u00bb4.27.5&Prime; _module_preset=\u00a0\u00bbdefault\u00a0\u00bb hover_enabled=\u00a0\u00bb0&Prime; global_colors_info=\u00a0\u00bb{}\u00a0\u00bb sticky_enabled=\u00a0\u00bb0&Prime;][\/et_pb_image][\/et_pb_column][\/et_pb_row][\/et_pb_section]<\/p>\n","protected":false},"excerpt":{"rendered":"<p>Guide de l&rsquo;\u00e9quipementL&rsquo;\u00e9quipement standard de baseball comprend tous les \u00e9l\u00e9ments mentionn\u00e9s ci-dessus.L&rsquo;\u00e9quipement obligatoire est le suivant : Casquette de baseball Gant de baseball Jockstrap pour les gar\u00e7ons, jill pour les filles Crampons de baseball ou chaussures de sport Casque de frappeur certifi\u00e9 B\u00e2ton de baseball certifi\u00e9 (consultez le r\u00e8glement de la BQ avant l&rsquo;achat). Les [&hellip;]<\/p>\n","protected":false},"author":3,"featured_media":0,"parent":0,"menu_order":26,"comment_status":"closed","ping_status":"closed","template":"","meta":{"_et_pb_use_builder":"on","_et_pb_old_content":"<!-- wp:divi\/placeholder \/-->","_et_gb_content_width":"","footnotes":""},"class_list":["post-1140","page","type-page","status-publish","hentry"],"yoast_head":"<!-- This site is optimized with the Yoast SEO plugin v27.3 - https:\/\/yoast.com\/product\/yoast-seo-wordpress\/ -->\n<title>Guide de l&#039;\u00e9quipement - NDG Baseball Association<\/title>\n<meta name=\"robots\" content=\"index, follow, max-snippet:-1, max-image-preview:large, max-video-preview:-1\" \/>\n<link rel=\"canonical\" href=\"https:\/\/ndgbaseball.com\/fr\/equipement\/\" \/>\n<meta property=\"og:locale\" content=\"fr_FR\" \/>\n<meta property=\"og:type\" content=\"article\" \/>\n<meta property=\"og:title\" content=\"Guide de l&#039;\u00e9quipement - NDG Baseball Association\" \/>\n<meta property=\"og:description\" content=\"Guide de l&#039;\u00e9quipementL&#039;\u00e9quipement standard de baseball comprend tous les \u00e9l\u00e9ments mentionn\u00e9s ci-dessus.L&#039;\u00e9quipement obligatoire est le suivant : Casquette de baseball Gant de baseball Jockstrap pour les gar\u00e7ons, jill pour les filles Crampons de baseball ou chaussures de sport Casque de frappeur certifi\u00e9 B\u00e2ton de baseball certifi\u00e9 (consultez le r\u00e8glement de la BQ avant l&#039;achat). Les [&hellip;]\" \/>\n<meta property=\"og:url\" content=\"https:\/\/ndgbaseball.com\/fr\/equipement\/\" \/>\n<meta property=\"og:site_name\" content=\"NDG Baseball Association\" \/>\n<meta property=\"article:publisher\" content=\"https:\/\/www.facebook.com\/ndg.baseball\" \/>\n<meta property=\"article:modified_time\" content=\"2026-02-17T16:03:40+00:00\" \/>\n<meta name=\"twitter:card\" content=\"summary_large_image\" \/>\n<meta name=\"twitter:label1\" content=\"Dur\u00e9e de lecture estim\u00e9e\" \/>\n\t<meta name=\"twitter:data1\" content=\"5 minutes\" \/>\n<script type=\"application\/ld+json\" class=\"yoast-schema-graph\">{\"@context\":\"https:\\\/\\\/schema.org\",\"@graph\":[{\"@type\":\"WebPage\",\"@id\":\"https:\\\/\\\/ndgbaseball.com\\\/fr\\\/equipement\\\/\",\"url\":\"https:\\\/\\\/ndgbaseball.com\\\/fr\\\/equipement\\\/\",\"name\":\"Guide de l'\u00e9quipement - NDG Baseball Association\",\"isPartOf\":{\"@id\":\"https:\\\/\\\/ndgbaseball.com\\\/fr\\\/#website\"},\"datePublished\":\"2026-01-23T00:11:07+00:00\",\"dateModified\":\"2026-02-17T16:03:40+00:00\",\"breadcrumb\":{\"@id\":\"https:\\\/\\\/ndgbaseball.com\\\/fr\\\/equipement\\\/#breadcrumb\"},\"inLanguage\":\"fr-FR\",\"potentialAction\":[{\"@type\":\"ReadAction\",\"target\":[\"https:\\\/\\\/ndgbaseball.com\\\/fr\\\/equipement\\\/\"]}]},{\"@type\":\"BreadcrumbList\",\"@id\":\"https:\\\/\\\/ndgbaseball.com\\\/fr\\\/equipement\\\/#breadcrumb\",\"itemListElement\":[{\"@type\":\"ListItem\",\"position\":1,\"name\":\"Home\",\"item\":\"https:\\\/\\\/ndgbaseball.com\\\/fr\\\/\"},{\"@type\":\"ListItem\",\"position\":2,\"name\":\"Guide de l&#8217;\u00e9quipement\"}]},{\"@type\":\"WebSite\",\"@id\":\"https:\\\/\\\/ndgbaseball.com\\\/fr\\\/#website\",\"url\":\"https:\\\/\\\/ndgbaseball.com\\\/fr\\\/\",\"name\":\"NDG Baseball Association\",\"description\":\"Team First, Always\",\"publisher\":{\"@id\":\"https:\\\/\\\/ndgbaseball.com\\\/fr\\\/#organization\"},\"potentialAction\":[{\"@type\":\"SearchAction\",\"target\":{\"@type\":\"EntryPoint\",\"urlTemplate\":\"https:\\\/\\\/ndgbaseball.com\\\/fr\\\/?s={search_term_string}\"},\"query-input\":{\"@type\":\"PropertyValueSpecification\",\"valueRequired\":true,\"valueName\":\"search_term_string\"}}],\"inLanguage\":\"fr-FR\"},{\"@type\":\"Organization\",\"@id\":\"https:\\\/\\\/ndgbaseball.com\\\/fr\\\/#organization\",\"name\":\"NDG Baseball Association\",\"url\":\"https:\\\/\\\/ndgbaseball.com\\\/fr\\\/\",\"logo\":{\"@type\":\"ImageObject\",\"inLanguage\":\"fr-FR\",\"@id\":\"https:\\\/\\\/ndgbaseball.com\\\/fr\\\/#\\\/schema\\\/logo\\\/image\\\/\",\"url\":\"https:\\\/\\\/ndgbaseball.com\\\/wp-content\\\/uploads\\\/2026\\\/01\\\/ndg-logo-round-1961-600.jpg\",\"contentUrl\":\"https:\\\/\\\/ndgbaseball.com\\\/wp-content\\\/uploads\\\/2026\\\/01\\\/ndg-logo-round-1961-600.jpg\",\"width\":600,\"height\":600,\"caption\":\"NDG Baseball Association\"},\"image\":{\"@id\":\"https:\\\/\\\/ndgbaseball.com\\\/fr\\\/#\\\/schema\\\/logo\\\/image\\\/\"},\"sameAs\":[\"https:\\\/\\\/www.facebook.com\\\/ndg.baseball\",\"https:\\\/\\\/www.instagram.com\\\/ndg.baseball\\\/\"]}]}<\/script>\n<!-- \/ Yoast SEO plugin. -->","yoast_head_json":{"title":"Guide de l'\u00e9quipement - NDG Baseball Association","robots":{"index":"index","follow":"follow","max-snippet":"max-snippet:-1","max-image-preview":"max-image-preview:large","max-video-preview":"max-video-preview:-1"},"canonical":"https:\/\/ndgbaseball.com\/fr\/equipement\/","og_locale":"fr_FR","og_type":"article","og_title":"Guide de l'\u00e9quipement - NDG Baseball Association","og_description":"Guide de l'\u00e9quipementL'\u00e9quipement standard de baseball comprend tous les \u00e9l\u00e9ments mentionn\u00e9s ci-dessus.L'\u00e9quipement obligatoire est le suivant : Casquette de baseball Gant de baseball Jockstrap pour les gar\u00e7ons, jill pour les filles Crampons de baseball ou chaussures de sport Casque de frappeur certifi\u00e9 B\u00e2ton de baseball certifi\u00e9 (consultez le r\u00e8glement de la BQ avant l'achat). Les [&hellip;]","og_url":"https:\/\/ndgbaseball.com\/fr\/equipement\/","og_site_name":"NDG Baseball Association","article_publisher":"https:\/\/www.facebook.com\/ndg.baseball","article_modified_time":"2026-02-17T16:03:40+00:00","twitter_card":"summary_large_image","twitter_misc":{"Dur\u00e9e de lecture estim\u00e9e":"5 minutes"},"schema":{"@context":"https:\/\/schema.org","@graph":[{"@type":"WebPage","@id":"https:\/\/ndgbaseball.com\/fr\/equipement\/","url":"https:\/\/ndgbaseball.com\/fr\/equipement\/","name":"Guide de l'\u00e9quipement - NDG Baseball Association","isPartOf":{"@id":"https:\/\/ndgbaseball.com\/fr\/#website"},"datePublished":"2026-01-23T00:11:07+00:00","dateModified":"2026-02-17T16:03:40+00:00","breadcrumb":{"@id":"https:\/\/ndgbaseball.com\/fr\/equipement\/#breadcrumb"},"inLanguage":"fr-FR","potentialAction":[{"@type":"ReadAction","target":["https:\/\/ndgbaseball.com\/fr\/equipement\/"]}]},{"@type":"BreadcrumbList","@id":"https:\/\/ndgbaseball.com\/fr\/equipement\/#breadcrumb","itemListElement":[{"@type":"ListItem","position":1,"name":"Home","item":"https:\/\/ndgbaseball.com\/fr\/"},{"@type":"ListItem","position":2,"name":"Guide de l&#8217;\u00e9quipement"}]},{"@type":"WebSite","@id":"https:\/\/ndgbaseball.com\/fr\/#website","url":"https:\/\/ndgbaseball.com\/fr\/","name":"NDG Baseball Association","description":"Team First, Always","publisher":{"@id":"https:\/\/ndgbaseball.com\/fr\/#organization"},"potentialAction":[{"@type":"SearchAction","target":{"@type":"EntryPoint","urlTemplate":"https:\/\/ndgbaseball.com\/fr\/?s={search_term_string}"},"query-input":{"@type":"PropertyValueSpecification","valueRequired":true,"valueName":"search_term_string"}}],"inLanguage":"fr-FR"},{"@type":"Organization","@id":"https:\/\/ndgbaseball.com\/fr\/#organization","name":"NDG Baseball Association","url":"https:\/\/ndgbaseball.com\/fr\/","logo":{"@type":"ImageObject","inLanguage":"fr-FR","@id":"https:\/\/ndgbaseball.com\/fr\/#\/schema\/logo\/image\/","url":"https:\/\/ndgbaseball.com\/wp-content\/uploads\/2026\/01\/ndg-logo-round-1961-600.jpg","contentUrl":"https:\/\/ndgbaseball.com\/wp-content\/uploads\/2026\/01\/ndg-logo-round-1961-600.jpg","width":600,"height":600,"caption":"NDG Baseball Association"},"image":{"@id":"https:\/\/ndgbaseball.com\/fr\/#\/schema\/logo\/image\/"},"sameAs":["https:\/\/www.facebook.com\/ndg.baseball","https:\/\/www.instagram.com\/ndg.baseball\/"]}]}},"_links":{"self":[{"href":"https:\/\/ndgbaseball.com\/fr\/wp-json\/wp\/v2\/pages\/1140","targetHints":{"allow":["GET"]}}],"collection":[{"href":"https:\/\/ndgbaseball.com\/fr\/wp-json\/wp\/v2\/pages"}],"about":[{"href":"https:\/\/ndgbaseball.com\/fr\/wp-json\/wp\/v2\/types\/page"}],"author":[{"embeddable":true,"href":"https:\/\/ndgbaseball.com\/fr\/wp-json\/wp\/v2\/users\/3"}],"replies":[{"embeddable":true,"href":"https:\/\/ndgbaseball.com\/fr\/wp-json\/wp\/v2\/comments?post=1140"}],"version-history":[{"count":10,"href":"https:\/\/ndgbaseball.com\/fr\/wp-json\/wp\/v2\/pages\/1140\/revisions"}],"predecessor-version":[{"id":1872,"href":"https:\/\/ndgbaseball.com\/fr\/wp-json\/wp\/v2\/pages\/1140\/revisions\/1872"}],"wp:attachment":[{"href":"https:\/\/ndgbaseball.com\/fr\/wp-json\/wp\/v2\/media?parent=1140"}],"curies":[{"name":"wp","href":"https:\/\/api.w.org\/{rel}","templated":true}]}}