{"id":1132,"date":"2026-01-22T22:43:48","date_gmt":"2026-01-23T03:43:48","guid":{"rendered":"https:\/\/ndgbaseball.com\/rally-cap\/"},"modified":"2026-02-17T11:03:40","modified_gmt":"2026-02-17T16:03:40","slug":"rallye-cap","status":"publish","type":"page","link":"https:\/\/ndgbaseball.com\/fr\/rallye-cap\/","title":{"rendered":"Rallye Cap"},"content":{"rendered":"<p>[et_pb_section fb_built=\u00a0\u00bb1&Prime; admin_label=\u00a0\u00bbHeader\u00a0\u00bb _builder_version=\u00a0\u00bb4.27.5&Prime; _module_preset=\u00a0\u00bbdefault\u00a0\u00bb background_color=\u00a0\u00bb#62B5E5&Prime; background_enable_image=\u00a0\u00bboff\u00a0\u00bb custom_margin=\u00a0\u00bb0px||60px||false|false\u00a0\u00bb custom_padding=\u00a0\u00bb0px||0px||false|false\u00a0\u00bb locked=\u00a0\u00bboff\u00a0\u00bb global_colors_info=\u00a0\u00bb{}\u00a0\u00bb][et_pb_row _builder_version=\u00a0\u00bb4.27.5&Prime; _module_preset=\u00a0\u00bbdefault\u00a0\u00bb background_color=\u00a0\u00bbRGBA(255,255,255,0)\u00a0\u00bb width=\u00a0\u00bb100%\u00a0\u00bb custom_margin=\u00a0\u00bb0px||0px||false|false\u00a0\u00bb custom_padding=\u00a0\u00bb30px|30px|30px||false|false\u00a0\u00bb global_colors_info=\u00a0\u00bb{}\u00a0\u00bb][et_pb_column type=\u00a0\u00bb4_4&Prime; _builder_version=\u00a0\u00bb4.16&Prime; _module_preset=\u00a0\u00bbdefault\u00a0\u00bb global_colors_info=\u00a0\u00bb{}\u00a0\u00bb][et_pb_text _builder_version=\u00a0\u00bb4.27.5&Prime; _module_preset=\u00a0\u00bb77bd6224-541c-4dfa-aa0c-4832456a9557&Prime; header_font=\u00a0\u00bb&#8211;et_global_heading_font|900|on|on|||||\u00a0\u00bb header_text_align=\u00a0\u00bbright\u00a0\u00bb header_text_color=\u00a0\u00bb#FFFFFF\u00a0\u00bb header_font_size=\u00a0\u00bb120px\u00a0\u00bb header_line_height=\u00a0\u00bb0.7em\u00a0\u00bb header_2_font=\u00a0\u00bb|||on|||||\u00a0\u00bb header_2_text_color=\u00a0\u00bb#FFFFFF\u00a0\u00bb header_2_font_size=\u00a0\u00bb60px\u00a0\u00bb header_3_font=\u00a0\u00bb|||on|||||\u00a0\u00bb header_3_text_color=\u00a0\u00bb#E93530&Prime; header_3_font_size=\u00a0\u00bb26px\u00a0\u00bb header_3_line_height=\u00a0\u00bb1.6em\u00a0\u00bb header_font_size_tablet=\u00a0\u00bb60px\u00a0\u00bb header_font_size_phone=\u00a0\u00bb30px\u00a0\u00bb header_font_size_last_edited=\u00a0\u00bbon|desktop\u00a0\u00bb header_text_shadow_style=\u00a0\u00bbpreset1&Prime; locked=\u00a0\u00bboff\u00a0\u00bb global_colors_info=\u00a0\u00bb{%22gcid-5fba0126-308f-4f42-aa94-6c5d80831bca%22:%91%93}\u00a0\u00bb]<\/p>\n<h1 style=\"text-align: center;\">Rallye Cap<\/h1>\n<p>[\/et_pb_text][\/et_pb_column][\/et_pb_row][\/et_pb_section][et_pb_section fb_built=\u00a0\u00bb1&Prime; admin_label=\u00a0\u00bbVideo\u00a0\u00bb _builder_version=\u00a0\u00bb4.16&Prime; _module_preset=\u00a0\u00bbdefault\u00a0\u00bb background_image=\u00a0\u00bbhttps:\/\/ndgbaseball.com\/wp-content\/uploads\/2026\/01\/tennis-club-031.png\u00a0\u00bb global_colors_info=\u00a0\u00bb{}\u00a0\u00bb][et_pb_row column_structure=\u00a0\u00bb2_5,3_5&Prime; _builder_version=\u00a0\u00bb4.27.5&Prime; _module_preset=\u00a0\u00bbdefault\u00a0\u00bb width=\u00a0\u00bb100%\u00a0\u00bb global_colors_info=\u00a0\u00bb{}\u00a0\u00bb][et_pb_column type=\u00a0\u00bb2_5&Prime; _builder_version=\u00a0\u00bb4.16&Prime; _module_preset=\u00a0\u00bbdefault\u00a0\u00bb global_colors_info=\u00a0\u00bb{}\u00a0\u00bb][et_pb_text _builder_version=\u00a0\u00bb4.27.5&Prime; _module_preset=\u00a0\u00bb33d8ed47-9575-4183-ae48-b1d6c4145db4&Prime; header_2_font=\u00a0\u00bb&#8211;et_global_heading_font|700||on|||||\u00a0\u00bb header_2_text_color=\u00a0\u00bb#000000&Prime; header_2_font_size=\u00a0\u00bb60px\u00a0\u00bb header_2_font_size_tablet=\u00a0\u00bb36px\u00a0\u00bb header_2_font_size_last_edited=\u00a0\u00bbon|phone\u00a0\u00bb locked=\u00a0\u00bboff\u00a0\u00bb global_colors_info=\u00a0\u00bb{}\u00a0\u00bb hover_enabled=\u00a0\u00bb0&Prime; sticky_enabled=\u00a0\u00bb0&Prime; custom_margin_last_edited=\u00a0\u00bbon|tablet\u00a0\u00bb custom_margin_tablet=\u00a0\u00bb|15px||15px|false|true\u00a0\u00bb header_2_font_size_phone=\u00a0\u00bb36px\u00a0\u00bb custom_margin_phone=\u00a0\u00bb|15px||15px|false|true\u00a0\u00bb]<\/p>\n<h2>Baseball pour les enfants \u00e2g\u00e9s de 4 \u00e0 7 ans<\/h2>\n<p>[\/et_pb_text][et_pb_text _builder_version=\u00a0\u00bb4.27.5&Prime; _module_preset=\u00a0\u00bb7e815e5b-c042-4930-9f47-86f0425bfee6&Prime; text_font=\u00a0\u00bb||||||||\u00a0\u00bb text_text_color=\u00a0\u00bb#000000&Prime; text_line_height=\u00a0\u00bb1.6em\u00a0\u00bb text_font_size_tablet=\u00a0\u00bb15px\u00a0\u00bb text_font_size_phone=\u00a0\u00bb14px\u00a0\u00bb text_font_size_last_edited=\u00a0\u00bbon|desktop\u00a0\u00bb locked=\u00a0\u00bboff\u00a0\u00bb global_colors_info=\u00a0\u00bb{}\u00a0\u00bb custom_margin_last_edited=\u00a0\u00bbon|tablet\u00a0\u00bb hover_enabled=\u00a0\u00bb0&Prime; sticky_enabled=\u00a0\u00bb0&Prime; custom_margin_tablet=\u00a0\u00bb|15px||15px|false|true\u00a0\u00bb custom_margin_phone=\u00a0\u00bb|15px||15px|false|true\u00a0\u00bb]<\/p>\n<p>Le programme Rallye Cap est souvent la premi\u00e8re exp\u00e9rience des joueurs avec le baseball ! Le programme aide \u00e0 enseigner les cinq principes fondamentaux du baseball (comp\u00e9tences motrices fondamentales, lancer, r\u00e9ception, frappe, course entre les bases) dans un environnement amusant et s\u00e9curitaire.<\/p>\n<p>Les joueurs ont la possibilit\u00e9 d&rsquo;apprendre, d&rsquo;acqu\u00e9rir et de mettre en pratique diff\u00e9rentes techniques de baseball afin de progresser \u00e0 travers les diff\u00e9rents niveaux du programme.<\/p>\n<p>Tout ce dont vous avez besoin, c&rsquo;est d&rsquo;un gant !<\/p>\n<p>[\/et_pb_text][et_pb_image src=\u00a0\u00bbhttps:\/\/ndgbaseball.com\/wp-content\/uploads\/2026\/01\/NDGBA-RallyeCap-scaled.png\u00a0\u00bb alt=\u00a0\u00bbLogo Rallye Cap\u00a0\u00bb title_text=\u00a0\u00bbNDGBA-RallyeCap\u00a0\u00bb _builder_version=\u00a0\u00bb4.27.5&Prime; _module_preset=\u00a0\u00bbdefault\u00a0\u00bb global_colors_info=\u00a0\u00bb{}\u00a0\u00bb max_width=\u00a0\u00bb300px\u00a0\u00bb align_tablet=\u00a0\u00bbcenter\u00a0\u00bb align_last_edited=\u00a0\u00bbon|tablet\u00a0\u00bb align_phone=\u00a0\u00bbcenter\u00a0\u00bb][\/et_pb_image][\/et_pb_column][et_pb_column type=\u00a0\u00bb3_5&Prime; _builder_version=\u00a0\u00bb4.16&Prime; _module_preset=\u00a0\u00bbdefault\u00a0\u00bb global_colors_info=\u00a0\u00bb{}\u00a0\u00bb][et_pb_text _builder_version=\u00a0\u00bb4.27.5&Prime; _module_preset=\u00a0\u00bb33d8ed47-9575-4183-ae48-b1d6c4145db4&Prime; header_2_font=\u00a0\u00bb&#8211;et_global_heading_font|700||on|||||\u00a0\u00bb header_2_text_color=\u00a0\u00bb#000000&Prime; header_2_font_size=\u00a0\u00bb60px\u00a0\u00bb header_3_font=\u00a0\u00bb|||on|||||\u00a0\u00bb header_3_text_color=\u00a0\u00bb#C60908&Prime; header_3_font_size=\u00a0\u00bb26px\u00a0\u00bb header_3_line_height=\u00a0\u00bb1.2em\u00a0\u00bb custom_margin=\u00a0\u00bb||0px||false|false\u00a0\u00bb custom_padding=\u00a0\u00bb||0px||false|false\u00a0\u00bb header_2_font_size_tablet=\u00a0\u00bb32px\u00a0\u00bb header_2_font_size_phone=\u00a0\u00bb20px\u00a0\u00bb header_2_font_size_last_edited=\u00a0\u00bbon|phone\u00a0\u00bb locked=\u00a0\u00bboff\u00a0\u00bb global_colors_info=\u00a0\u00bb{}\u00a0\u00bb sticky_enabled=\u00a0\u00bb0&Prime; header_3_font_size_last_edited=\u00a0\u00bbon|tablet\u00a0\u00bb custom_margin_tablet=\u00a0\u00bb|15px|0px|15px|false|true\u00a0\u00bb custom_margin_last_edited=\u00a0\u00bbon|tablet\u00a0\u00bb hover_enabled=\u00a0\u00bb0&Prime; header_3_font_size_tablet=\u00a0\u00bb26px\u00a0\u00bb header_3_font_size_phone=\u00a0\u00bb26px\u00a0\u00bb custom_margin_phone=\u00a0\u00bb|15px|0px|15px|false|true\u00a0\u00bb]<\/p>\n<h3>Rallye Cap \u00e0 NDG<\/h3>\n<p>[\/et_pb_text][et_pb_text _builder_version=\u00a0\u00bb4.27.5&Prime; _module_preset=\u00a0\u00bb7e815e5b-c042-4930-9f47-86f0425bfee6&Prime; text_font=\u00a0\u00bb||||||||\u00a0\u00bb text_text_color=\u00a0\u00bb#000000&Prime; text_line_height=\u00a0\u00bb1.6em\u00a0\u00bb text_font_size_tablet=\u00a0\u00bb15px\u00a0\u00bb text_font_size_phone=\u00a0\u00bb14px\u00a0\u00bb text_font_size_last_edited=\u00a0\u00bbon|desktop\u00a0\u00bb locked=\u00a0\u00bboff\u00a0\u00bb global_colors_info=\u00a0\u00bb{}\u00a0\u00bb custom_margin_last_edited=\u00a0\u00bbon|tablet\u00a0\u00bb hover_enabled=\u00a0\u00bb0&Prime; sticky_enabled=\u00a0\u00bb0&Prime; custom_margin_tablet=\u00a0\u00bb|15px||15px|false|true\u00a0\u00bb custom_margin_phone=\u00a0\u00bb|15px||15px|false|true\u00a0\u00bb]Les gar\u00e7ons et les filles participent \u00e0 des entra\u00eenements mixtes, regroup\u00e9s par \u00e2ge. Les entra\u00eenements RC4\/5, RC6 et RC7 ont lieu le dimanche matin, au Benny Park. Les parents restent sur le terrain avec leur enfant pendant toute la dur\u00e9e de l&rsquo;activit\u00e9.<\/p>\n<p>La saison Rallye Cap se d\u00e9roule du 31 mai au 2 ao\u00fbt, avec un \u00e9v\u00e9nement de fin de saison le week-end du 8 ao\u00fbt.<\/p>\n<p>RC4\/5 &#8211; 9 h \u00e0 9 h 45<br \/>\nRC6 &#8211; 10 h \u00e0 10 h 45<br \/>\nRC7 &#8211; 11 h \u00e0 midi<\/p>\n<p>RC7 organisera \u00e9galement des matchs d&rsquo;entra\u00eenement en semaine contre eux-m\u00eames \u00e0 partir de la quatri\u00e8me semaine environ, dans le cadre du programme de d\u00e9veloppement des joueurs.[\/et_pb_text][et_pb_image src=\u00a0\u00bbhttps:\/\/ndgbaseball.com\/wp-content\/uploads\/2026\/01\/rc-sammuel.jpg\u00a0\u00bb alt=\u00a0\u00bbRally Cap kids throwing\u00a0\u00bb title_text=\u00a0\u00bbrc-sammuel\u00a0\u00bb _builder_version=\u00a0\u00bb4.27.5&Prime; _module_preset=\u00a0\u00bbdefault\u00a0\u00bb custom_margin=\u00a0\u00bb45px||||false|false\u00a0\u00bb global_colors_info=\u00a0\u00bb{}\u00a0\u00bb][\/et_pb_image][\/et_pb_column][\/et_pb_row][\/et_pb_section][et_pb_section fb_built=\u00a0\u00bb1&Prime; admin_label=\u00a0\u00bbFeatures\u00a0\u00bb _builder_version=\u00a0\u00bb4.27.5&Prime; _module_preset=\u00a0\u00bbdefault\u00a0\u00bb background_image=\u00a0\u00bbhttps:\/\/ndgbaseball.com\/wp-content\/uploads\/2026\/01\/wave-blue-1.png\u00a0\u00bb custom_padding=\u00a0\u00bb||101px|||\u00a0\u00bb global_colors_info=\u00a0\u00bb{}\u00a0\u00bb][et_pb_row column_structure=\u00a0\u00bb1_2,1_2&Prime; _builder_version=\u00a0\u00bb4.27.5&Prime; _module_preset=\u00a0\u00bbdefault\u00a0\u00bb width=\u00a0\u00bb100%\u00a0\u00bb custom_margin=\u00a0\u00bb0px||0px||false|false\u00a0\u00bb custom_padding=\u00a0\u00bb0px|0px|0px|0px|false|false\u00a0\u00bb global_colors_info=\u00a0\u00bb{}\u00a0\u00bb][et_pb_column type=\u00a0\u00bb1_2&Prime; _builder_version=\u00a0\u00bb4.27.5&Prime; _module_preset=\u00a0\u00bbdefault\u00a0\u00bb background_enable_color=\u00a0\u00bboff\u00a0\u00bb background_enable_image=\u00a0\u00bboff\u00a0\u00bb custom_padding=\u00a0\u00bb40px|0px|40px|0px|true|true\u00a0\u00bb custom_padding_tablet=\u00a0\u00bb40px|30px|40px|30px|true|true\u00a0\u00bb custom_padding_phone=\u00a0\u00bb|20px||20px|false|true\u00a0\u00bb custom_padding_last_edited=\u00a0\u00bbon|desktop\u00a0\u00bb global_colors_info=\u00a0\u00bb{}\u00a0\u00bb][et_pb_image src=\u00a0\u00bbhttps:\/\/ndgbaseball.com\/wp-content\/uploads\/2026\/01\/rc-batting-2.jpg\u00a0\u00bb alt=\u00a0\u00bbRally Cap batting\u00a0\u00bb title_text=\u00a0\u00bbrc-batting-2&Prime; _builder_version=\u00a0\u00bb4.27.5&Prime; _module_preset=\u00a0\u00bbdefault\u00a0\u00bb global_colors_info=\u00a0\u00bb{}\u00a0\u00bb][\/et_pb_image][\/et_pb_column][et_pb_column type=\u00a0\u00bb1_2&Prime; _builder_version=\u00a0\u00bb4.27.5&Prime; _module_preset=\u00a0\u00bbdefault\u00a0\u00bb custom_padding=\u00a0\u00bb15px||0px||false|false\u00a0\u00bb custom_padding_tablet=\u00a0\u00bb0px||||false|false\u00a0\u00bb custom_padding_phone=\u00a0\u00bb\u00a0\u00bb custom_padding_last_edited=\u00a0\u00bbon|tablet\u00a0\u00bb global_colors_info=\u00a0\u00bb{}\u00a0\u00bb][et_pb_text _builder_version=\u00a0\u00bb4.27.5&Prime; _module_preset=\u00a0\u00bb7e815e5b-c042-4930-9f47-86f0425bfee6&Prime; text_font=\u00a0\u00bb||||||||\u00a0\u00bb text_text_color=\u00a0\u00bb#000000&Prime; text_line_height=\u00a0\u00bb1.6em\u00a0\u00bb ol_font_size=\u00a0\u00bb18px\u00a0\u00bb ol_line_height=\u00a0\u00bb1.6em\u00a0\u00bb header_text_color=\u00a0\u00bb#C60908&Prime; header_3_font=\u00a0\u00bb|||on|||||\u00a0\u00bb header_3_text_color=\u00a0\u00bb#C60908&Prime; header_3_font_size=\u00a0\u00bb26px\u00a0\u00bb header_3_line_height=\u00a0\u00bb1.2em\u00a0\u00bb background_color=\u00a0\u00bbrgba(255,255,255,0.85)\u00a0\u00bb custom_margin=\u00a0\u00bb0px||0px||false|false\u00a0\u00bb custom_padding=\u00a0\u00bb15px|15px|15px|15px|true|true\u00a0\u00bb hover_enabled=\u00a0\u00bb0&Prime; text_font_size_tablet=\u00a0\u00bb15px\u00a0\u00bb text_font_size_phone=\u00a0\u00bb14px\u00a0\u00bb text_font_size_last_edited=\u00a0\u00bbon|desktop\u00a0\u00bb locked=\u00a0\u00bboff\u00a0\u00bb global_colors_info=\u00a0\u00bb{}\u00a0\u00bb sticky_enabled=\u00a0\u00bb0&Prime;]<\/p>\n<h3>Objectifs<\/h3>\n<ol>\n<li>Create a fun environment in which children and adults are actively engaged together in the game of baseball.<\/li>\n<li>Develop fundamental motor skills, teach baseball skills, and basic rules to our athletes.<\/li>\n<li>Experience success with an emphasis on respect and fair play.<\/li>\n<li>Promote increased self-esteem among Rally Cap participants.<\/li>\n<li>Recruit new coaches, parent helpers and volunteers.<\/li>\n<\/ol>\n<p>[\/et_pb_text][\/et_pb_column][\/et_pb_row][\/et_pb_section]<\/p>\n","protected":false},"excerpt":{"rendered":"<p>Rallye CapBaseball pour les enfants \u00e2g\u00e9s de 4 \u00e0 7 ansLe programme Rallye Cap est souvent la premi\u00e8re exp\u00e9rience des joueurs avec le baseball ! Le programme aide \u00e0 enseigner les cinq principes fondamentaux du baseball (comp\u00e9tences motrices fondamentales, lancer, r\u00e9ception, frappe, course entre les bases) dans un environnement amusant et s\u00e9curitaire. Les joueurs ont [&hellip;]<\/p>\n","protected":false},"author":3,"featured_media":0,"parent":0,"menu_order":15,"comment_status":"closed","ping_status":"closed","template":"","meta":{"_et_pb_use_builder":"on","_et_pb_old_content":"","_et_gb_content_width":"","footnotes":""},"class_list":["post-1132","page","type-page","status-publish","hentry"],"yoast_head":"<!-- This site is optimized with the Yoast SEO plugin v27.3 - https:\/\/yoast.com\/product\/yoast-seo-wordpress\/ -->\n<title>Rallye Cap - NDG Baseball Association<\/title>\n<meta name=\"robots\" content=\"index, follow, max-snippet:-1, max-image-preview:large, max-video-preview:-1\" \/>\n<link rel=\"canonical\" href=\"https:\/\/ndgbaseball.com\/fr\/rallye-cap\/\" \/>\n<meta property=\"og:locale\" content=\"fr_FR\" \/>\n<meta property=\"og:type\" content=\"article\" \/>\n<meta property=\"og:title\" content=\"Rallye Cap - NDG Baseball Association\" \/>\n<meta property=\"og:description\" content=\"Rallye CapBaseball pour les enfants \u00e2g\u00e9s de 4 \u00e0 7 ansLe programme Rallye Cap est souvent la premi\u00e8re exp\u00e9rience des joueurs avec le baseball ! Le programme aide \u00e0 enseigner les cinq principes fondamentaux du baseball (comp\u00e9tences motrices fondamentales, lancer, r\u00e9ception, frappe, course entre les bases) dans un environnement amusant et s\u00e9curitaire. Les joueurs ont [&hellip;]\" \/>\n<meta property=\"og:url\" content=\"https:\/\/ndgbaseball.com\/fr\/rallye-cap\/\" \/>\n<meta property=\"og:site_name\" content=\"NDG Baseball Association\" \/>\n<meta property=\"article:publisher\" content=\"https:\/\/www.facebook.com\/ndg.baseball\" \/>\n<meta property=\"article:modified_time\" content=\"2026-02-17T16:03:40+00:00\" \/>\n<meta name=\"twitter:card\" content=\"summary_large_image\" \/>\n<meta name=\"twitter:label1\" content=\"Dur\u00e9e de lecture estim\u00e9e\" \/>\n\t<meta name=\"twitter:data1\" content=\"6 minutes\" \/>\n<script type=\"application\/ld+json\" class=\"yoast-schema-graph\">{\"@context\":\"https:\\\/\\\/schema.org\",\"@graph\":[{\"@type\":\"WebPage\",\"@id\":\"https:\\\/\\\/ndgbaseball.com\\\/fr\\\/rallye-cap\\\/\",\"url\":\"https:\\\/\\\/ndgbaseball.com\\\/fr\\\/rallye-cap\\\/\",\"name\":\"Rallye Cap - NDG Baseball Association\",\"isPartOf\":{\"@id\":\"https:\\\/\\\/ndgbaseball.com\\\/fr\\\/#website\"},\"datePublished\":\"2026-01-23T03:43:48+00:00\",\"dateModified\":\"2026-02-17T16:03:40+00:00\",\"breadcrumb\":{\"@id\":\"https:\\\/\\\/ndgbaseball.com\\\/fr\\\/rallye-cap\\\/#breadcrumb\"},\"inLanguage\":\"fr-FR\",\"potentialAction\":[{\"@type\":\"ReadAction\",\"target\":[\"https:\\\/\\\/ndgbaseball.com\\\/fr\\\/rallye-cap\\\/\"]}]},{\"@type\":\"BreadcrumbList\",\"@id\":\"https:\\\/\\\/ndgbaseball.com\\\/fr\\\/rallye-cap\\\/#breadcrumb\",\"itemListElement\":[{\"@type\":\"ListItem\",\"position\":1,\"name\":\"Home\",\"item\":\"https:\\\/\\\/ndgbaseball.com\\\/fr\\\/\"},{\"@type\":\"ListItem\",\"position\":2,\"name\":\"Rallye Cap\"}]},{\"@type\":\"WebSite\",\"@id\":\"https:\\\/\\\/ndgbaseball.com\\\/fr\\\/#website\",\"url\":\"https:\\\/\\\/ndgbaseball.com\\\/fr\\\/\",\"name\":\"NDG Baseball Association\",\"description\":\"Team First, Always\",\"publisher\":{\"@id\":\"https:\\\/\\\/ndgbaseball.com\\\/fr\\\/#organization\"},\"potentialAction\":[{\"@type\":\"SearchAction\",\"target\":{\"@type\":\"EntryPoint\",\"urlTemplate\":\"https:\\\/\\\/ndgbaseball.com\\\/fr\\\/?s={search_term_string}\"},\"query-input\":{\"@type\":\"PropertyValueSpecification\",\"valueRequired\":true,\"valueName\":\"search_term_string\"}}],\"inLanguage\":\"fr-FR\"},{\"@type\":\"Organization\",\"@id\":\"https:\\\/\\\/ndgbaseball.com\\\/fr\\\/#organization\",\"name\":\"NDG Baseball Association\",\"url\":\"https:\\\/\\\/ndgbaseball.com\\\/fr\\\/\",\"logo\":{\"@type\":\"ImageObject\",\"inLanguage\":\"fr-FR\",\"@id\":\"https:\\\/\\\/ndgbaseball.com\\\/fr\\\/#\\\/schema\\\/logo\\\/image\\\/\",\"url\":\"https:\\\/\\\/ndgbaseball.com\\\/wp-content\\\/uploads\\\/2026\\\/01\\\/ndg-logo-round-1961-600.jpg\",\"contentUrl\":\"https:\\\/\\\/ndgbaseball.com\\\/wp-content\\\/uploads\\\/2026\\\/01\\\/ndg-logo-round-1961-600.jpg\",\"width\":600,\"height\":600,\"caption\":\"NDG Baseball Association\"},\"image\":{\"@id\":\"https:\\\/\\\/ndgbaseball.com\\\/fr\\\/#\\\/schema\\\/logo\\\/image\\\/\"},\"sameAs\":[\"https:\\\/\\\/www.facebook.com\\\/ndg.baseball\",\"https:\\\/\\\/www.instagram.com\\\/ndg.baseball\\\/\"]}]}<\/script>\n<!-- \/ Yoast SEO plugin. -->","yoast_head_json":{"title":"Rallye Cap - NDG Baseball Association","robots":{"index":"index","follow":"follow","max-snippet":"max-snippet:-1","max-image-preview":"max-image-preview:large","max-video-preview":"max-video-preview:-1"},"canonical":"https:\/\/ndgbaseball.com\/fr\/rallye-cap\/","og_locale":"fr_FR","og_type":"article","og_title":"Rallye Cap - NDG Baseball Association","og_description":"Rallye CapBaseball pour les enfants \u00e2g\u00e9s de 4 \u00e0 7 ansLe programme Rallye Cap est souvent la premi\u00e8re exp\u00e9rience des joueurs avec le baseball ! Le programme aide \u00e0 enseigner les cinq principes fondamentaux du baseball (comp\u00e9tences motrices fondamentales, lancer, r\u00e9ception, frappe, course entre les bases) dans un environnement amusant et s\u00e9curitaire. Les joueurs ont [&hellip;]","og_url":"https:\/\/ndgbaseball.com\/fr\/rallye-cap\/","og_site_name":"NDG Baseball Association","article_publisher":"https:\/\/www.facebook.com\/ndg.baseball","article_modified_time":"2026-02-17T16:03:40+00:00","twitter_card":"summary_large_image","twitter_misc":{"Dur\u00e9e de lecture estim\u00e9e":"6 minutes"},"schema":{"@context":"https:\/\/schema.org","@graph":[{"@type":"WebPage","@id":"https:\/\/ndgbaseball.com\/fr\/rallye-cap\/","url":"https:\/\/ndgbaseball.com\/fr\/rallye-cap\/","name":"Rallye Cap - NDG Baseball Association","isPartOf":{"@id":"https:\/\/ndgbaseball.com\/fr\/#website"},"datePublished":"2026-01-23T03:43:48+00:00","dateModified":"2026-02-17T16:03:40+00:00","breadcrumb":{"@id":"https:\/\/ndgbaseball.com\/fr\/rallye-cap\/#breadcrumb"},"inLanguage":"fr-FR","potentialAction":[{"@type":"ReadAction","target":["https:\/\/ndgbaseball.com\/fr\/rallye-cap\/"]}]},{"@type":"BreadcrumbList","@id":"https:\/\/ndgbaseball.com\/fr\/rallye-cap\/#breadcrumb","itemListElement":[{"@type":"ListItem","position":1,"name":"Home","item":"https:\/\/ndgbaseball.com\/fr\/"},{"@type":"ListItem","position":2,"name":"Rallye Cap"}]},{"@type":"WebSite","@id":"https:\/\/ndgbaseball.com\/fr\/#website","url":"https:\/\/ndgbaseball.com\/fr\/","name":"NDG Baseball Association","description":"Team First, Always","publisher":{"@id":"https:\/\/ndgbaseball.com\/fr\/#organization"},"potentialAction":[{"@type":"SearchAction","target":{"@type":"EntryPoint","urlTemplate":"https:\/\/ndgbaseball.com\/fr\/?s={search_term_string}"},"query-input":{"@type":"PropertyValueSpecification","valueRequired":true,"valueName":"search_term_string"}}],"inLanguage":"fr-FR"},{"@type":"Organization","@id":"https:\/\/ndgbaseball.com\/fr\/#organization","name":"NDG Baseball Association","url":"https:\/\/ndgbaseball.com\/fr\/","logo":{"@type":"ImageObject","inLanguage":"fr-FR","@id":"https:\/\/ndgbaseball.com\/fr\/#\/schema\/logo\/image\/","url":"https:\/\/ndgbaseball.com\/wp-content\/uploads\/2026\/01\/ndg-logo-round-1961-600.jpg","contentUrl":"https:\/\/ndgbaseball.com\/wp-content\/uploads\/2026\/01\/ndg-logo-round-1961-600.jpg","width":600,"height":600,"caption":"NDG Baseball Association"},"image":{"@id":"https:\/\/ndgbaseball.com\/fr\/#\/schema\/logo\/image\/"},"sameAs":["https:\/\/www.facebook.com\/ndg.baseball","https:\/\/www.instagram.com\/ndg.baseball\/"]}]}},"_links":{"self":[{"href":"https:\/\/ndgbaseball.com\/fr\/wp-json\/wp\/v2\/pages\/1132","targetHints":{"allow":["GET"]}}],"collection":[{"href":"https:\/\/ndgbaseball.com\/fr\/wp-json\/wp\/v2\/pages"}],"about":[{"href":"https:\/\/ndgbaseball.com\/fr\/wp-json\/wp\/v2\/types\/page"}],"author":[{"embeddable":true,"href":"https:\/\/ndgbaseball.com\/fr\/wp-json\/wp\/v2\/users\/3"}],"replies":[{"embeddable":true,"href":"https:\/\/ndgbaseball.com\/fr\/wp-json\/wp\/v2\/comments?post=1132"}],"version-history":[{"count":18,"href":"https:\/\/ndgbaseball.com\/fr\/wp-json\/wp\/v2\/pages\/1132\/revisions"}],"predecessor-version":[{"id":2046,"href":"https:\/\/ndgbaseball.com\/fr\/wp-json\/wp\/v2\/pages\/1132\/revisions\/2046"}],"wp:attachment":[{"href":"https:\/\/ndgbaseball.com\/fr\/wp-json\/wp\/v2\/media?parent=1132"}],"curies":[{"name":"wp","href":"https:\/\/api.w.org\/{rel}","templated":true}]}}