{"id":1104,"date":"2026-01-22T19:16:39","date_gmt":"2026-01-23T00:16:39","guid":{"rendered":"https:\/\/ndgbaseball.com\/contact\/"},"modified":"2026-02-10T23:35:06","modified_gmt":"2026-02-11T04:35:06","slug":"contact","status":"publish","type":"page","link":"https:\/\/ndgbaseball.com\/fr\/contact\/","title":{"rendered":"Contactez-nous"},"content":{"rendered":"<p>[et_pb_section fb_built=\u00a0\u00bb1&Prime; admin_label=\u00a0\u00bbHeader\u00a0\u00bb _builder_version=\u00a0\u00bb4.16&Prime; _module_preset=\u00a0\u00bbdefault\u00a0\u00bb custom_padding=\u00a0\u00bb0px||0px|||\u00a0\u00bb background_color_gradient_stops_tablet=\u00a0\u00bb#2b87da 95%|#29c4a9 95%\u00a0\u00bb background_color_gradient_start_position_tablet=\u00a0\u00bb95%\u00a0\u00bb background_color_gradient_end_position_tablet=\u00a0\u00bb95%\u00a0\u00bb global_colors_info=\u00a0\u00bb{}\u00a0\u00bb][et_pb_row column_structure=\u00a0\u00bb1_2,1_2&Prime; use_custom_gutter=\u00a0\u00bbon\u00a0\u00bb gutter_width=\u00a0\u00bb1&Prime; make_equal=\u00a0\u00bbon\u00a0\u00bb _builder_version=\u00a0\u00bb4.27.5&Prime; _module_preset=\u00a0\u00bbdefault\u00a0\u00bb custom_padding=\u00a0\u00bb0px||0px||false|false\u00a0\u00bb box_shadow_style=\u00a0\u00bbpreset4&Prime; box_shadow_horizontal=\u00a0\u00bb30vw\u00a0\u00bb box_shadow_vertical=\u00a0\u00bb0px\u00a0\u00bb box_shadow_color=\u00a0\u00bb#000000&Prime; locked=\u00a0\u00bboff\u00a0\u00bb global_colors_info=\u00a0\u00bb{}\u00a0\u00bb][et_pb_column type=\u00a0\u00bb1_2&Prime; _builder_version=\u00a0\u00bb4.16&Prime; _module_preset=\u00a0\u00bbdefault\u00a0\u00bb z_index=\u00a0\u00bb10&Prime; custom_padding=\u00a0\u00bb60px||60px||true|false\u00a0\u00bb custom_padding_tablet=\u00a0\u00bb60px||||false|false\u00a0\u00bb custom_padding_phone=\u00a0\u00bb40px||||false|false\u00a0\u00bb custom_padding_last_edited=\u00a0\u00bboff|desktop\u00a0\u00bb global_colors_info=\u00a0\u00bb{}\u00a0\u00bb][et_pb_text _builder_version=\u00a0\u00bb4.27.5&Prime; _module_preset=\u00a0\u00bb77bd6224-541c-4dfa-aa0c-4832456a9557&Prime; header_font=\u00a0\u00bb&#8211;et_global_heading_font|700|on|on|||||\u00a0\u00bb header_text_color=\u00a0\u00bb#C60908&Prime; header_font_size=\u00a0\u00bb120px\u00a0\u00bb header_line_height=\u00a0\u00bb1.4em\u00a0\u00bb custom_margin=\u00a0\u00bb|-100%|||false|false\u00a0\u00bb custom_margin_tablet=\u00a0\u00bb|0px|||false|false\u00a0\u00bb custom_margin_phone=\u00a0\u00bb\u00a0\u00bb custom_margin_last_edited=\u00a0\u00bbon|desktop\u00a0\u00bb hover_enabled=\u00a0\u00bb0&Prime; header_font_size_tablet=\u00a0\u00bb60px\u00a0\u00bb header_font_size_phone=\u00a0\u00bb30px\u00a0\u00bb header_font_size_last_edited=\u00a0\u00bbon|phone\u00a0\u00bb header_text_shadow_style=\u00a0\u00bbpreset1&Prime; locked=\u00a0\u00bboff\u00a0\u00bb global_colors_info=\u00a0\u00bb{}\u00a0\u00bb sticky_enabled=\u00a0\u00bb0&Prime;]<\/p>\n<h1>Contactez-nous<\/h1>\n<p>[\/et_pb_text][\/et_pb_column][et_pb_column type=\u00a0\u00bb1_2&Prime; _builder_version=\u00a0\u00bb4.27.5&Prime; _module_preset=\u00a0\u00bbdefault\u00a0\u00bb background_color=\u00a0\u00bb#C60908&Prime; background_image=\u00a0\u00bbhttps:\/\/ndgbaseball.com\/wp-content\/uploads\/2026\/01\/green-wildcats-tournament.jpg\u00a0\u00bb custom_padding_tablet=\u00a0\u00bb40px|40px|40px|40px|true|true\u00a0\u00bb custom_padding_phone=\u00a0\u00bb10px|10px|10px|10px|true|true\u00a0\u00bb custom_padding_last_edited=\u00a0\u00bboff|desktop\u00a0\u00bb global_colors_info=\u00a0\u00bb{}\u00a0\u00bb][\/et_pb_column][\/et_pb_row][et_pb_row _builder_version=\u00a0\u00bb4.27.5&Prime; _module_preset=\u00a0\u00bbdefault\u00a0\u00bb global_colors_info=\u00a0\u00bb{}\u00a0\u00bb][et_pb_column type=\u00a0\u00bb4_4&Prime; _builder_version=\u00a0\u00bb4.27.5&Prime; _module_preset=\u00a0\u00bbdefault\u00a0\u00bb global_colors_info=\u00a0\u00bb{}\u00a0\u00bb][et_pb_text _builder_version=\u00a0\u00bb4.27.5&Prime; _module_preset=\u00a0\u00bbdefault\u00a0\u00bb global_colors_info=\u00a0\u00bb{}\u00a0\u00bb]<\/p>\n<p>N&rsquo;h\u00e9sitez pas \u00e0 nous contacter pour toute question ou besoin. Nous nous engageons \u00e0 r\u00e9pondre \u00e0 chaque e-mail que nous recevons, tout en vous demandant de faire preuve de patience, car nous sommes une organisation g\u00e9r\u00e9e par des b\u00e9n\u00e9voles. <\/p>\n<p>[\/et_pb_text][\/et_pb_column][\/et_pb_row][et_pb_row _builder_version=\u00a0\u00bb4.27.5&Prime; _module_preset=\u00a0\u00bbdefault\u00a0\u00bb global_colors_info=\u00a0\u00bb{}\u00a0\u00bb][et_pb_column type=\u00a0\u00bb4_4&Prime; _builder_version=\u00a0\u00bb4.27.5&Prime; _module_preset=\u00a0\u00bbdefault\u00a0\u00bb global_colors_info=\u00a0\u00bb{}\u00a0\u00bb][et_pb_code _builder_version=\u00a0\u00bb4.27.5&Prime; _module_preset=\u00a0\u00bbdefault\u00a0\u00bb global_colors_info=\u00a0\u00bb{}\u00a0\u00bb]<div class=\"frm_forms  with_frm_style frm_style_formidable-style\" id=\"frm_form_4_container\" data-token=\"cb90c7f1e621c649d46799cbdc047cf0\">\n<form enctype=\"multipart\/form-data\" method=\"post\" class=\"frm-show-form  frm_js_validate  frm_ajax_submit \" id=\"form_contact-form-fr\" data-token=\"cb90c7f1e621c649d46799cbdc047cf0\">\n<div class=\"frm_form_fields \">\n<fieldset>\n<legend class=\"frm_screen_reader\">Contact Us - FR<\/legend>\r\n\r\n<div class=\"frm_fields_container\">\n<input type=\"hidden\" name=\"frm_action\" value=\"create\" \/>\n<input type=\"hidden\" name=\"form_id\" value=\"4\" \/>\n<input type=\"hidden\" name=\"frm_hide_fields_4\" id=\"frm_hide_fields_4\" value=\"\" \/>\n<input type=\"hidden\" name=\"form_key\" value=\"contact-form-fr\" \/>\n<input type=\"hidden\" name=\"item_meta[0]\" value=\"\" \/>\n<input type=\"hidden\" id=\"frm_submit_entry_4\" name=\"frm_submit_entry_4\" value=\"11ed92845b\" \/><input type=\"hidden\" name=\"_wp_http_referer\" value=\"\/fr\/wp-json\/wp\/v2\/pages\/1104\" \/><div id=\"frm_field_21_container\" class=\"frm_form_field form-field  frm_required_field frm_top_container frm_first frm_half\">\r\n\t<label for=\"field_qh4icy3\" id=\"field_qh4icy3_label\" class=\"frm_primary_label\">Nom\r\n\t\t<span class=\"frm_required\" aria-hidden=\"true\">*<\/span>\r\n\t<\/label>\r\n\t<input type=\"text\" id=\"field_qh4icy3\" name=\"item_meta[21]\" value=\"\"  data-reqmsg=\"Nom cannot be blank.\" aria-required=\"true\" data-invmsg=\"Nom is invalid\" aria-invalid=\"false\"   aria-describedby=\"frm_desc_field_qh4icy3\"\/>\r\n\t<div class=\"frm_description\" id=\"frm_desc_field_qh4icy3\">Pr\u00e9nom<\/div>\r\n\t\r\n<\/div>\n<div id=\"frm_field_22_container\" class=\"frm_form_field form-field  frm_required_field frm_hidden_container frm_half\">\r\n\t<label for=\"field_ocfup13\" id=\"field_ocfup13_label\" class=\"frm_primary_label\">Nom de famille\r\n\t\t<span class=\"frm_required\" aria-hidden=\"true\">*<\/span>\r\n\t<\/label>\r\n\t<input type=\"text\" id=\"field_ocfup13\" name=\"item_meta[22]\" value=\"\"  data-reqmsg=\"Nom de famille cannot be blank.\" aria-required=\"true\" data-invmsg=\"Nom de famille is invalid\" aria-invalid=\"false\"   aria-describedby=\"frm_desc_field_ocfup13\"\/>\r\n\t<div class=\"frm_description\" id=\"frm_desc_field_ocfup13\">Nom de famille<\/div>\r\n\t\r\n<\/div>\n<div id=\"frm_field_23_container\" class=\"frm_form_field form-field  frm_required_field frm_top_container frm_full\">\r\n\t<label for=\"field_29yf4d3\" id=\"field_29yf4d3_label\" class=\"frm_primary_label\">Courriel\r\n\t\t<span class=\"frm_required\" aria-hidden=\"true\">*<\/span>\r\n\t<\/label>\r\n\t<input type=\"email\" id=\"field_29yf4d3\" name=\"item_meta[23]\" value=\"\"  data-reqmsg=\"Courriel cannot be blank.\" aria-required=\"true\" data-invmsg=\"Please enter a valid email address\" aria-invalid=\"false\"  \/>\r\n\t\r\n\t\r\n<\/div>\n<div id=\"frm_field_24_container\" class=\"frm_form_field form-field  frm_required_field frm_top_container frm_full\">\r\n\t<label for=\"field_e6lis63\" id=\"field_e6lis63_label\" class=\"frm_primary_label\">Sujet\r\n\t\t<span class=\"frm_required\" aria-hidden=\"true\">*<\/span>\r\n\t<\/label>\r\n\t<input type=\"text\" id=\"field_e6lis63\" name=\"item_meta[24]\" value=\"\"  data-reqmsg=\"Sujet cannot be blank.\" aria-required=\"true\" data-invmsg=\"Sujet is invalid\" aria-invalid=\"false\"  \/>\r\n\t\r\n\t\r\n<\/div>\n<div id=\"frm_field_25_container\" class=\"frm_form_field form-field  frm_required_field frm_top_container frm_full\">\r\n\t<label for=\"field_9jv0r13\" id=\"field_9jv0r13_label\" class=\"frm_primary_label\">Message\r\n\t\t<span class=\"frm_required\" aria-hidden=\"true\">*<\/span>\r\n\t<\/label>\r\n\t<textarea name=\"item_meta[25]\" id=\"field_9jv0r13\" rows=\"5\"  data-reqmsg=\"Message cannot be blank.\" aria-required=\"true\" data-invmsg=\"Message est non valide\" aria-invalid=\"false\"  ><\/textarea>\r\n\t\r\n\t\r\n<\/div>\n<div id=\"frm_field_26_container\" class=\"frm_form_field form-field \">\r\n\t<div class=\"frm_submit frm_flex\">\r\n<button class=\"frm_button_submit\" type=\"submit\"  >Soumettre<\/button>\r\n\r\n\r\n\r\n<\/div>\r\n<\/div>\n\t<input type=\"hidden\" name=\"item_key\" value=\"\" \/>\n\t\t\t<div id=\"frm_field_58_container\">\n\t\t\t<label for=\"field_ocyoy\" >\n\t\t\t\tSi vous \u00eates un humain, ne remplissez pas ce champ.\t\t\t<\/label>\n\t\t\t<input  id=\"field_ocyoy\" type=\"text\" class=\"frm_form_field form-field frm_verify\" name=\"item_meta[58]\" value=\"\"  \/>\n\t\t<\/div>\n\t\t<input name=\"frm_state\" type=\"hidden\" value=\"MXH8qT8AVaxX0Yo+kPwSqseC82ep5J5I1LYEo2arons=\" \/><\/div>\n<\/fieldset>\n<\/div>\n\n<\/form>\n<\/div>\n[\/et_pb_code][\/et_pb_column][\/et_pb_row][\/et_pb_section]<\/p>\n","protected":false},"excerpt":{"rendered":"<p>Contactez-nousN&rsquo;h\u00e9sitez pas \u00e0 nous contacter pour toute question ou besoin. Nous nous engageons \u00e0 r\u00e9pondre \u00e0 chaque e-mail que nous recevons, tout en vous demandant de faire preuve de patience, car nous sommes une organisation g\u00e9r\u00e9e par des b\u00e9n\u00e9voles. <div class=\"frm_forms  with_frm_style frm_style_formidable-style\" id=\"frm_form_4_container\" data-token=\"cb90c7f1e621c649d46799cbdc047cf0\" data-token=\"cb90c7f1e621c649d46799cbdc047cf0\">\n<form enctype=\"multipart\/form-data\" method=\"post\" class=\"frm-show-form  frm_js_validate  frm_ajax_submit \" id=\"form_contact-form-fr\" data-token=\"cb90c7f1e621c649d46799cbdc047cf0\" data-token=\"cb90c7f1e621c649d46799cbdc047cf0\">\n<div class=\"frm_form_fields \">\n<fieldset>\n<legend class=\"frm_screen_reader\">Contact Us - FR<\/legend>\r\n\r\n<div class=\"frm_fields_container\">\n<input type=\"hidden\" name=\"frm_action\" value=\"create\" \/>\n<input type=\"hidden\" name=\"form_id\" value=\"4\" \/>\n<input type=\"hidden\" name=\"frm_hide_fields_4\" id=\"frm_hide_fields_4\" value=\"\" \/>\n<input type=\"hidden\" name=\"form_key\" value=\"contact-form-fr\" \/>\n<input type=\"hidden\" name=\"item_meta[0]\" value=\"\" \/>\n<input type=\"hidden\" id=\"frm_submit_entry_4\" name=\"frm_submit_entry_4\" value=\"11ed92845b\" \/><input type=\"hidden\" name=\"_wp_http_referer\" value=\"\/fr\/wp-json\/wp\/v2\/pages\/1104\" \/><div id=\"frm_field_21_container\" class=\"frm_form_field form-field  frm_required_field frm_top_container frm_first frm_half\">\r\n\t<label for=\"field_qh4icy3\" id=\"field_qh4icy3_label\" class=\"frm_primary_label\">Nom\r\n\t\t<span class=\"frm_required\" aria-hidden=\"true\">*<\/span>\r\n\t<\/label>\r\n\t<input type=\"text\" id=\"field_qh4icy3\" name=\"item_meta[21]\" value=\"\"  data-reqmsg=\"Nom cannot be blank.\" aria-required=\"true\" data-invmsg=\"Nom is invalid\" aria-invalid=\"false\"   aria-describedby=\"frm_desc_field_qh4icy3\"\/>\r\n\t<div class=\"frm_description\" id=\"frm_desc_field_qh4icy3\">Pr\u00e9nom<\/div>\r\n\t\r\n<\/div>\n<div id=\"frm_field_22_container\" class=\"frm_form_field form-field  frm_required_field frm_hidden_container frm_half\">\r\n\t<label for=\"field_ocfup13\" id=\"field_ocfup13_label\" class=\"frm_primary_label\">Nom de famille\r\n\t\t<span class=\"frm_required\" aria-hidden=\"true\">*<\/span>\r\n\t<\/label>\r\n\t<input type=\"text\" id=\"field_ocfup13\" name=\"item_meta[22]\" value=\"\"  data-reqmsg=\"Nom de famille cannot be blank.\" aria-required=\"true\" data-invmsg=\"Nom de famille is invalid\" aria-invalid=\"false\"   aria-describedby=\"frm_desc_field_ocfup13\"\/>\r\n\t<div class=\"frm_description\" id=\"frm_desc_field_ocfup13\">Nom de famille<\/div>\r\n\t\r\n<\/div>\n<div id=\"frm_field_23_container\" class=\"frm_form_field form-field  frm_required_field frm_top_container frm_full\">\r\n\t<label for=\"field_29yf4d3\" id=\"field_29yf4d3_label\" class=\"frm_primary_label\">Courriel\r\n\t\t<span class=\"frm_required\" aria-hidden=\"true\">*<\/span>\r\n\t<\/label>\r\n\t<input type=\"email\" id=\"field_29yf4d3\" name=\"item_meta[23]\" value=\"\"  data-reqmsg=\"Courriel cannot be blank.\" aria-required=\"true\" data-invmsg=\"Please enter a valid email address\" aria-invalid=\"false\"  \/>\r\n\t\r\n\t\r\n<\/div>\n<div id=\"frm_field_24_container\" class=\"frm_form_field form-field  frm_required_field frm_top_container frm_full\">\r\n\t<label for=\"field_e6lis63\" id=\"field_e6lis63_label\" class=\"frm_primary_label\">Sujet\r\n\t\t<span class=\"frm_required\" aria-hidden=\"true\">*<\/span>\r\n\t<\/label>\r\n\t<input type=\"text\" id=\"field_e6lis63\" name=\"item_meta[24]\" value=\"\"  data-reqmsg=\"Sujet cannot be blank.\" aria-required=\"true\" data-invmsg=\"Sujet is invalid\" aria-invalid=\"false\"  \/>\r\n\t\r\n\t\r\n<\/div>\n<div id=\"frm_field_25_container\" class=\"frm_form_field form-field  frm_required_field frm_top_container frm_full\">\r\n\t<label for=\"field_9jv0r13\" id=\"field_9jv0r13_label\" class=\"frm_primary_label\">Message\r\n\t\t<span class=\"frm_required\" aria-hidden=\"true\">*<\/span>\r\n\t<\/label>\r\n\t<textarea name=\"item_meta[25]\" id=\"field_9jv0r13\" rows=\"5\"  data-reqmsg=\"Message cannot be blank.\" aria-required=\"true\" data-invmsg=\"Message est non valide\" aria-invalid=\"false\"  ><\/textarea>\r\n\t\r\n\t\r\n<\/div>\n<div id=\"frm_field_26_container\" class=\"frm_form_field form-field \">\r\n\t<div class=\"frm_submit frm_flex\">\r\n<button class=\"frm_button_submit\" type=\"submit\"  >Soumettre<\/button>\r\n\r\n\r\n\r\n<\/div>\r\n<\/div>\n\t<input type=\"hidden\" name=\"item_key\" value=\"\" \/>\n\t\t\t<div id=\"frm_field_59_container\">\n\t\t\t<label for=\"field_whhnx\" >\n\t\t\t\tSi vous \u00eates un humain, ne remplissez pas ce champ.\t\t\t<\/label>\n\t\t\t<input  id=\"field_whhnx\" type=\"text\" class=\"frm_form_field form-field frm_verify\" name=\"item_meta[59]\" value=\"\"  \/>\n\t\t<\/div>\n\t\t<input name=\"frm_state\" type=\"hidden\" value=\"MXH8qT8AVaxX0Yo+kPwSqtsQd7dnzi0G+QIh+KVQOQU=\" \/><\/div>\n<\/fieldset>\n<\/div>\n\n<\/form>\n<\/div>\n<\/p>\n","protected":false},"author":3,"featured_media":0,"parent":0,"menu_order":45,"comment_status":"closed","ping_status":"closed","template":"","meta":{"_et_pb_use_builder":"on","_et_pb_old_content":"","_et_gb_content_width":"","footnotes":""},"class_list":["post-1104","page","type-page","status-publish","hentry"],"yoast_head":"<!-- This site is optimized with the Yoast SEO plugin v27.3 - https:\/\/yoast.com\/product\/yoast-seo-wordpress\/ -->\n<title>Contactez-nous - NDG Baseball Association<\/title>\n<meta name=\"robots\" content=\"index, follow, max-snippet:-1, max-image-preview:large, max-video-preview:-1\" \/>\n<link rel=\"canonical\" href=\"https:\/\/ndgbaseball.com\/fr\/contact\/\" \/>\n<meta property=\"og:locale\" content=\"fr_FR\" \/>\n<meta property=\"og:type\" content=\"article\" \/>\n<meta property=\"og:title\" content=\"Contactez-nous - NDG Baseball Association\" \/>\n<meta property=\"og:description\" content=\"Contactez-nousN&#039;h\u00e9sitez pas \u00e0 nous contacter pour toute question ou besoin. Nous nous engageons \u00e0 r\u00e9pondre \u00e0 chaque e-mail que nous recevons, tout en vous demandant de faire preuve de patience, car nous sommes une organisation g\u00e9r\u00e9e par des b\u00e9n\u00e9voles.\" \/>\n<meta property=\"og:url\" content=\"https:\/\/ndgbaseball.com\/fr\/contact\/\" \/>\n<meta property=\"og:site_name\" content=\"NDG Baseball Association\" \/>\n<meta property=\"article:publisher\" content=\"https:\/\/www.facebook.com\/ndg.baseball\" \/>\n<meta property=\"article:modified_time\" content=\"2026-02-11T04:35:06+00:00\" \/>\n<meta name=\"twitter:card\" content=\"summary_large_image\" \/>\n<meta name=\"twitter:label1\" content=\"Dur\u00e9e de lecture estim\u00e9e\" \/>\n\t<meta name=\"twitter:data1\" content=\"2 minutes\" \/>\n<script type=\"application\/ld+json\" class=\"yoast-schema-graph\">{\"@context\":\"https:\\\/\\\/schema.org\",\"@graph\":[{\"@type\":\"WebPage\",\"@id\":\"https:\\\/\\\/ndgbaseball.com\\\/fr\\\/contact\\\/\",\"url\":\"https:\\\/\\\/ndgbaseball.com\\\/fr\\\/contact\\\/\",\"name\":\"Contactez-nous - NDG Baseball Association\",\"isPartOf\":{\"@id\":\"https:\\\/\\\/ndgbaseball.com\\\/fr\\\/#website\"},\"datePublished\":\"2026-01-23T00:16:39+00:00\",\"dateModified\":\"2026-02-11T04:35:06+00:00\",\"breadcrumb\":{\"@id\":\"https:\\\/\\\/ndgbaseball.com\\\/fr\\\/contact\\\/#breadcrumb\"},\"inLanguage\":\"fr-FR\",\"potentialAction\":[{\"@type\":\"ReadAction\",\"target\":[\"https:\\\/\\\/ndgbaseball.com\\\/fr\\\/contact\\\/\"]}]},{\"@type\":\"BreadcrumbList\",\"@id\":\"https:\\\/\\\/ndgbaseball.com\\\/fr\\\/contact\\\/#breadcrumb\",\"itemListElement\":[{\"@type\":\"ListItem\",\"position\":1,\"name\":\"Home\",\"item\":\"https:\\\/\\\/ndgbaseball.com\\\/fr\\\/\"},{\"@type\":\"ListItem\",\"position\":2,\"name\":\"Contactez-nous\"}]},{\"@type\":\"WebSite\",\"@id\":\"https:\\\/\\\/ndgbaseball.com\\\/fr\\\/#website\",\"url\":\"https:\\\/\\\/ndgbaseball.com\\\/fr\\\/\",\"name\":\"NDG Baseball Association\",\"description\":\"Team First, Always\",\"publisher\":{\"@id\":\"https:\\\/\\\/ndgbaseball.com\\\/fr\\\/#organization\"},\"potentialAction\":[{\"@type\":\"SearchAction\",\"target\":{\"@type\":\"EntryPoint\",\"urlTemplate\":\"https:\\\/\\\/ndgbaseball.com\\\/fr\\\/?s={search_term_string}\"},\"query-input\":{\"@type\":\"PropertyValueSpecification\",\"valueRequired\":true,\"valueName\":\"search_term_string\"}}],\"inLanguage\":\"fr-FR\"},{\"@type\":\"Organization\",\"@id\":\"https:\\\/\\\/ndgbaseball.com\\\/fr\\\/#organization\",\"name\":\"NDG Baseball Association\",\"url\":\"https:\\\/\\\/ndgbaseball.com\\\/fr\\\/\",\"logo\":{\"@type\":\"ImageObject\",\"inLanguage\":\"fr-FR\",\"@id\":\"https:\\\/\\\/ndgbaseball.com\\\/fr\\\/#\\\/schema\\\/logo\\\/image\\\/\",\"url\":\"https:\\\/\\\/ndgbaseball.com\\\/wp-content\\\/uploads\\\/2026\\\/01\\\/ndg-logo-round-1961-600.jpg\",\"contentUrl\":\"https:\\\/\\\/ndgbaseball.com\\\/wp-content\\\/uploads\\\/2026\\\/01\\\/ndg-logo-round-1961-600.jpg\",\"width\":600,\"height\":600,\"caption\":\"NDG Baseball Association\"},\"image\":{\"@id\":\"https:\\\/\\\/ndgbaseball.com\\\/fr\\\/#\\\/schema\\\/logo\\\/image\\\/\"},\"sameAs\":[\"https:\\\/\\\/www.facebook.com\\\/ndg.baseball\",\"https:\\\/\\\/www.instagram.com\\\/ndg.baseball\\\/\"]}]}<\/script>\n<!-- \/ Yoast SEO plugin. -->","yoast_head_json":{"title":"Contactez-nous - NDG Baseball Association","robots":{"index":"index","follow":"follow","max-snippet":"max-snippet:-1","max-image-preview":"max-image-preview:large","max-video-preview":"max-video-preview:-1"},"canonical":"https:\/\/ndgbaseball.com\/fr\/contact\/","og_locale":"fr_FR","og_type":"article","og_title":"Contactez-nous - NDG Baseball Association","og_description":"Contactez-nousN'h\u00e9sitez pas \u00e0 nous contacter pour toute question ou besoin. Nous nous engageons \u00e0 r\u00e9pondre \u00e0 chaque e-mail que nous recevons, tout en vous demandant de faire preuve de patience, car nous sommes une organisation g\u00e9r\u00e9e par des b\u00e9n\u00e9voles.","og_url":"https:\/\/ndgbaseball.com\/fr\/contact\/","og_site_name":"NDG Baseball Association","article_publisher":"https:\/\/www.facebook.com\/ndg.baseball","article_modified_time":"2026-02-11T04:35:06+00:00","twitter_card":"summary_large_image","twitter_misc":{"Dur\u00e9e de lecture estim\u00e9e":"2 minutes"},"schema":{"@context":"https:\/\/schema.org","@graph":[{"@type":"WebPage","@id":"https:\/\/ndgbaseball.com\/fr\/contact\/","url":"https:\/\/ndgbaseball.com\/fr\/contact\/","name":"Contactez-nous - NDG Baseball Association","isPartOf":{"@id":"https:\/\/ndgbaseball.com\/fr\/#website"},"datePublished":"2026-01-23T00:16:39+00:00","dateModified":"2026-02-11T04:35:06+00:00","breadcrumb":{"@id":"https:\/\/ndgbaseball.com\/fr\/contact\/#breadcrumb"},"inLanguage":"fr-FR","potentialAction":[{"@type":"ReadAction","target":["https:\/\/ndgbaseball.com\/fr\/contact\/"]}]},{"@type":"BreadcrumbList","@id":"https:\/\/ndgbaseball.com\/fr\/contact\/#breadcrumb","itemListElement":[{"@type":"ListItem","position":1,"name":"Home","item":"https:\/\/ndgbaseball.com\/fr\/"},{"@type":"ListItem","position":2,"name":"Contactez-nous"}]},{"@type":"WebSite","@id":"https:\/\/ndgbaseball.com\/fr\/#website","url":"https:\/\/ndgbaseball.com\/fr\/","name":"NDG Baseball Association","description":"Team First, Always","publisher":{"@id":"https:\/\/ndgbaseball.com\/fr\/#organization"},"potentialAction":[{"@type":"SearchAction","target":{"@type":"EntryPoint","urlTemplate":"https:\/\/ndgbaseball.com\/fr\/?s={search_term_string}"},"query-input":{"@type":"PropertyValueSpecification","valueRequired":true,"valueName":"search_term_string"}}],"inLanguage":"fr-FR"},{"@type":"Organization","@id":"https:\/\/ndgbaseball.com\/fr\/#organization","name":"NDG Baseball Association","url":"https:\/\/ndgbaseball.com\/fr\/","logo":{"@type":"ImageObject","inLanguage":"fr-FR","@id":"https:\/\/ndgbaseball.com\/fr\/#\/schema\/logo\/image\/","url":"https:\/\/ndgbaseball.com\/wp-content\/uploads\/2026\/01\/ndg-logo-round-1961-600.jpg","contentUrl":"https:\/\/ndgbaseball.com\/wp-content\/uploads\/2026\/01\/ndg-logo-round-1961-600.jpg","width":600,"height":600,"caption":"NDG Baseball Association"},"image":{"@id":"https:\/\/ndgbaseball.com\/fr\/#\/schema\/logo\/image\/"},"sameAs":["https:\/\/www.facebook.com\/ndg.baseball","https:\/\/www.instagram.com\/ndg.baseball\/"]}]}},"_links":{"self":[{"href":"https:\/\/ndgbaseball.com\/fr\/wp-json\/wp\/v2\/pages\/1104","targetHints":{"allow":["GET"]}}],"collection":[{"href":"https:\/\/ndgbaseball.com\/fr\/wp-json\/wp\/v2\/pages"}],"about":[{"href":"https:\/\/ndgbaseball.com\/fr\/wp-json\/wp\/v2\/types\/page"}],"author":[{"embeddable":true,"href":"https:\/\/ndgbaseball.com\/fr\/wp-json\/wp\/v2\/users\/3"}],"replies":[{"embeddable":true,"href":"https:\/\/ndgbaseball.com\/fr\/wp-json\/wp\/v2\/comments?post=1104"}],"version-history":[{"count":6,"href":"https:\/\/ndgbaseball.com\/fr\/wp-json\/wp\/v2\/pages\/1104\/revisions"}],"predecessor-version":[{"id":1500,"href":"https:\/\/ndgbaseball.com\/fr\/wp-json\/wp\/v2\/pages\/1104\/revisions\/1500"}],"wp:attachment":[{"href":"https:\/\/ndgbaseball.com\/fr\/wp-json\/wp\/v2\/media?parent=1104"}],"curies":[{"name":"wp","href":"https:\/\/api.w.org\/{rel}","templated":true}]}}